{"id":940,"date":"2020-12-05T00:47:55","date_gmt":"2020-12-05T00:47:55","guid":{"rendered":"https:\/\/softtown.mx\/inicio\/?page_id=940"},"modified":"2021-01-05T18:59:12","modified_gmt":"2021-01-05T18:59:12","slug":"database-replication","status":"publish","type":"page","link":"https:\/\/softtown.mx\/inicio\/database-replication\/","title":{"rendered":"Database Replication"},"content":{"rendered":"<p>[et_pb_section fb_built=&#8221;1&#8243; admin_label=&#8221;section&#8221; _builder_version=&#8221;3.22&#8243; custom_padding=&#8221;18px||3px|||&#8221;][et_pb_row _builder_version=&#8221;4.4.8&#8243; custom_padding=&#8221;3px||5px|||&#8221;][et_pb_column type=&#8221;4_4&#8243; _builder_version=&#8221;4.4.8&#8243;][et_pb_text _builder_version=&#8221;4.4.8&#8243;]<\/p>\n<h1 style=\"text-align: center;\"><span style=\"color: #000000;\"><strong>Database Replication<\/strong><\/span><\/h1>\n<p>[\/et_pb_text][\/et_pb_column][\/et_pb_row][\/et_pb_section][et_pb_section fb_built=&#8221;1&#8243; _builder_version=&#8221;4.4.8&#8243; background_enable_image=&#8221;off&#8221; background_size=&#8221;initial&#8221; background_position=&#8221;top_right&#8221; custom_padding=&#8221;5px||1px|||&#8221; filter_opacity=&#8221;67%&#8221; hover_enabled=&#8221;0&#8243;][et_pb_row _builder_version=&#8221;4.4.8&#8243; custom_padding=&#8221;3px||3px|||&#8221;][et_pb_column type=&#8221;4_4&#8243; _builder_version=&#8221;4.4.8&#8243;][et_pb_text _builder_version=&#8221;4.4.8&#8243;]<\/p>\n<p style=\"text-align: justify;\"><span style=\"color: #000000;\"><strong>Software de replicaci\u00f3n de bases de datos para alta disponibilidad, escalabilidad e informes. Con SharePlex\u00ae, puede replicar datos de Oracle, a una fracci\u00f3n del precio de las herramientas nativas. Logre f\u00e1cilmente alta disponibilidad, aumente la escalabilidad, integre datos y descargue informes con esta soluci\u00f3n flexible que admite m\u00faltiples casos de uso empresarial. Mueva sus datos, no su presupuesto, con una replicaci\u00f3n asequible.<\/strong><\/span><\/p>\n<p>[\/et_pb_text][\/et_pb_column][\/et_pb_row][et_pb_row _builder_version=&#8221;4.4.8&#8243; custom_padding=&#8221;1px||5px|||&#8221;][et_pb_column type=&#8221;4_4&#8243; _builder_version=&#8221;4.4.8&#8243;][\/et_pb_column][\/et_pb_row][et_pb_row column_structure=&#8221;1_3,1_3,1_3&#8243; _builder_version=&#8221;4.4.8&#8243; background_color=&#8221;#ffffff&#8221; custom_padding=&#8221;6px|||||&#8221;][et_pb_column type=&#8221;1_3&#8243; _builder_version=&#8221;4.4.8&#8243;][et_pb_image src=&#8221;https:\/\/softtown.mx\/inicio\/wp-content\/uploads\/2020\/12\/HA.png&#8221; alt=&#8221;HA&#8221; title_text=&#8221;HA&#8221; align=&#8221;center&#8221; _builder_version=&#8221;4.4.8&#8243; custom_margin=&#8221;||2px|||&#8221;][\/et_pb_image][et_pb_text _builder_version=&#8221;4.4.8&#8243;]<\/p>\n<p style=\"text-align: center;\"><span style=\"color: #000000;\"><strong>Logre los cinco nueves de alta disponibilidad moviendo datos sin problemas a trav\u00e9s de su entorno de base de datos Oracle.<\/strong><\/span><\/p>\n<p>[\/et_pb_text][\/et_pb_column][et_pb_column type=&#8221;1_3&#8243; _builder_version=&#8221;4.4.8&#8243;][et_pb_image src=&#8221;https:\/\/softtown.mx\/inicio\/wp-content\/uploads\/2020\/12\/Migrations-and-Upgrades.png&#8221; alt=&#8221;Migrations and Upgrades&#8221; title_text=&#8221;Migrations and Upgrades&#8221; align=&#8221;center&#8221; _builder_version=&#8221;4.4.8&#8243; custom_margin=&#8221;||10px|||&#8221;][\/et_pb_image][et_pb_text _builder_version=&#8221;4.4.8&#8243;]<\/p>\n<p style=\"text-align: center;\"><span style=\"color: #000000;\"><strong>Realice migraciones y actualizaciones de bases de datos Oracle sin impacto, sin tiempo de inactividad ni p\u00e9rdida de datos.<\/strong><\/span><\/p>\n<p>[\/et_pb_text][\/et_pb_column][et_pb_column type=&#8221;1_3&#8243; _builder_version=&#8221;4.4.8&#8243;][et_pb_image src=&#8221;https:\/\/softtown.mx\/inicio\/wp-content\/uploads\/2020\/12\/Reporting.png&#8221; alt=&#8221;Reporting&#8221; title_text=&#8221;Reporting&#8221; align=&#8221;center&#8221; _builder_version=&#8221;4.4.8&#8243; custom_margin=&#8221;||6px|||&#8221;][\/et_pb_image][et_pb_text _builder_version=&#8221;4.4.8&#8243;]<\/p>\n<p style=\"text-align: center;\"><span style=\"color: #000000;\"><strong>Descargue informes para respaldar proyectos de an\u00e1lisis y big data y mejorar el rendimiento de la base de datos Oracle.<\/strong><\/span><\/p>\n<p>[\/et_pb_text][\/et_pb_column][\/et_pb_row][et_pb_row _builder_version=&#8221;4.4.8&#8243; background_color=&#8221;#ffffff&#8221;][et_pb_column type=&#8221;4_4&#8243; _builder_version=&#8221;4.4.8&#8243;][et_pb_divider _builder_version=&#8221;4.4.8&#8243;][\/et_pb_divider][\/et_pb_column][\/et_pb_row][et_pb_row _builder_version=&#8221;4.4.8&#8243; background_color=&#8221;#ffffff&#8221; custom_padding=&#8221;8px|||||&#8221;][et_pb_column type=&#8221;4_4&#8243; _builder_version=&#8221;4.4.8&#8243;][et_pb_text _builder_version=&#8221;4.4.8&#8243;]<\/p>\n<h2 class=\"title-v3\" style=\"text-align: center;\"><strong><span style=\"color: #000000;\">Supported target platforms<\/span><\/strong><\/h2>\n<p>[\/et_pb_text][\/et_pb_column][\/et_pb_row][et_pb_row column_structure=&#8221;1_3,1_3,1_3&#8243; _builder_version=&#8221;4.4.8&#8243; background_color=&#8221;#ffffff&#8221; custom_padding=&#8221;8px||0px|||&#8221;][et_pb_column type=&#8221;1_3&#8243; _builder_version=&#8221;4.4.8&#8243;][et_pb_image src=&#8221;https:\/\/softtown.mx\/inicio\/wp-content\/uploads\/2020\/12\/Oracle.png&#8221; alt=&#8221;Oracle&#8221; title_text=&#8221;Oracle&#8221; align=&#8221;center&#8221; _builder_version=&#8221;4.4.8&#8243;][\/et_pb_image][\/et_pb_column][et_pb_column type=&#8221;1_3&#8243; _builder_version=&#8221;4.4.8&#8243;][et_pb_image src=&#8221;https:\/\/softtown.mx\/inicio\/wp-content\/uploads\/2020\/12\/SQL-Server.png&#8221; alt=&#8221;SQL Server&#8221; title_text=&#8221;SQL Server&#8221; align=&#8221;center&#8221; _builder_version=&#8221;4.4.8&#8243;][\/et_pb_image][\/et_pb_column][et_pb_column type=&#8221;1_3&#8243; _builder_version=&#8221;4.4.8&#8243;][et_pb_image src=&#8221;https:\/\/softtown.mx\/inicio\/wp-content\/uploads\/2020\/12\/MySQL.png&#8221; alt=&#8221;MySQL&#8221; title_text=&#8221;MySQL&#8221; align=&#8221;center&#8221; _builder_version=&#8221;4.4.8&#8243;][\/et_pb_image][\/et_pb_column][\/et_pb_row][et_pb_row column_structure=&#8221;1_3,1_3,1_3&#8243; _builder_version=&#8221;4.4.8&#8243; background_color=&#8221;#ffffff&#8221; custom_padding=&#8221;6px||6px|||&#8221;][et_pb_column type=&#8221;1_3&#8243; _builder_version=&#8221;4.4.8&#8243;][et_pb_text _builder_version=&#8221;4.4.8&#8243; _dynamic_attributes=&#8221;link_option_url&#8221; link_option_url=&#8221;@ET-DC@eyJkeW5hbWljIjp0cnVlLCJjb250ZW50IjoicG9zdF9saW5rX3VybF9hdHRhY2htZW50Iiwic2V0dGluZ3MiOnsicG9zdF9pZCI6IjI4NzUifX0=@&#8221; link_option_url_new_window=&#8221;on&#8221;]<\/p>\n<p style=\"text-align: center;\"><span style=\"color: #003366;\"><strong>Oracle<\/strong><\/span><\/p>\n<p>[\/et_pb_text][\/et_pb_column][et_pb_column type=&#8221;1_3&#8243; _builder_version=&#8221;4.4.8&#8243;][et_pb_text _builder_version=&#8221;4.4.8&#8243; _dynamic_attributes=&#8221;link_option_url&#8221; link_option_url=&#8221;@ET-DC@eyJkeW5hbWljIjp0cnVlLCJjb250ZW50IjoicG9zdF9saW5rX3VybF9hdHRhY2htZW50Iiwic2V0dGluZ3MiOnsicG9zdF9pZCI6IjI4NzQifX0=@&#8221; link_option_url_new_window=&#8221;on&#8221;]<\/p>\n<p style=\"text-align: center;\"><span style=\"color: #003366;\"><strong>SQL Server<\/strong><\/span><\/p>\n<p>[\/et_pb_text][\/et_pb_column][et_pb_column type=&#8221;1_3&#8243; _builder_version=&#8221;4.4.8&#8243;][et_pb_text _builder_version=&#8221;4.4.8&#8243; _dynamic_attributes=&#8221;link_option_url&#8221; link_option_url=&#8221;@ET-DC@eyJkeW5hbWljIjp0cnVlLCJjb250ZW50IjoicG9zdF9saW5rX3VybF9hdHRhY2htZW50Iiwic2V0dGluZ3MiOnsicG9zdF9pZCI6IjI4ODAifX0=@&#8221; link_option_url_new_window=&#8221;on&#8221;]<\/p>\n<p style=\"text-align: center;\"><strong><span style=\"color: #003366;\">Kafka<\/span><\/strong><\/p>\n<p>[\/et_pb_text][\/et_pb_column][\/et_pb_row][et_pb_row _builder_version=&#8221;4.4.8&#8243;][et_pb_column type=&#8221;4_4&#8243; _builder_version=&#8221;4.4.8&#8243;][et_pb_divider _builder_version=&#8221;4.4.8&#8243;][\/et_pb_divider][\/et_pb_column][\/et_pb_row][et_pb_row _builder_version=&#8221;4.4.8&#8243; background_color=&#8221;#ffffff&#8221; custom_padding=&#8221;8px|||||&#8221;][et_pb_column type=&#8221;4_4&#8243; _builder_version=&#8221;4.4.8&#8243;][et_pb_text _builder_version=&#8221;4.4.8&#8243;]<\/p>\n<h2 class=\"title-v3\" style=\"text-align: center;\"><strong><span style=\"color: #000000;\">Use Cases<\/span><\/strong><\/h2>\n<p>[\/et_pb_text][\/et_pb_column][\/et_pb_row][et_pb_row column_structure=&#8221;1_2,1_2&#8243; _builder_version=&#8221;4.4.8&#8243;][et_pb_column type=&#8221;1_2&#8243; _builder_version=&#8221;4.4.8&#8243;][et_pb_text _builder_version=&#8221;4.4.8&#8243;]<\/p>\n<h2><span style=\"color: #000000;\"><strong>Una herramienta, muchos usos<\/strong><\/span><\/h2>\n<p>[\/et_pb_text][et_pb_text _builder_version=&#8221;4.4.8&#8243;]<\/p>\n<p><span style=\"color: #000000;\">Mueva datos de Oracle a otras plataformas de datos, en las instalaciones o en la nube, para lograr una variedad de objetivos comerciales, con una \u00fanica herramienta de replicaci\u00f3n de datos completa que es f\u00e1cil de instalar y usar.<\/span><\/p>\n<p>[\/et_pb_text][et_pb_button button_url=&#8221;@ET-DC@eyJkeW5hbWljIjp0cnVlLCJjb250ZW50IjoicG9zdF9saW5rX3VybF9wYWdlIiwic2V0dGluZ3MiOnsicG9zdF9pZCI6IjI5In19@&#8221; button_text=&#8221;Solicitar Demo&#8221; _builder_version=&#8221;4.4.8&#8243; _dynamic_attributes=&#8221;button_url&#8221; custom_button=&#8221;on&#8221; button_text_color=&#8221;#ffffff&#8221; button_bg_color=&#8221;#000000&#8243;][\/et_pb_button][\/et_pb_column][et_pb_column type=&#8221;1_2&#8243; _builder_version=&#8221;4.4.8&#8243;][et_pb_image src=&#8221;https:\/\/softtown.mx\/inicio\/wp-content\/uploads\/2020\/12\/shareplex.png&#8221; alt=&#8221;shareplex&#8221; title_text=&#8221;shareplex&#8221; _builder_version=&#8221;4.4.8&#8243;][\/et_pb_image][\/et_pb_column][\/et_pb_row][\/et_pb_section]<\/p>\n","protected":false},"excerpt":{"rendered":"<p>Database ReplicationSoftware de replicaci\u00f3n de bases de datos para alta disponibilidad, escalabilidad e informes. Con SharePlex\u00ae, puede replicar datos de Oracle, a una fracci\u00f3n del precio de las herramientas nativas. Logre f\u00e1cilmente alta disponibilidad, aumente la escalabilidad, integre datos y descargue informes con esta soluci\u00f3n flexible que admite m\u00faltiples casos de uso empresarial. Mueva sus [&hellip;]<\/p>\n","protected":false},"author":1,"featured_media":0,"parent":0,"menu_order":0,"comment_status":"closed","ping_status":"closed","template":"","meta":{"_et_pb_use_builder":"on","_et_pb_old_content":"<!-- wp:divi\/placeholder \/-->","_et_gb_content_width":"","_monsterinsights_skip_tracking":false,"_monsterinsights_sitenote_active":false,"_monsterinsights_sitenote_note":"","_monsterinsights_sitenote_category":0,"footnotes":""},"class_list":["post-940","page","type-page","status-publish","hentry"],"yoast_head":"<!-- This site is optimized with the Yoast SEO Premium plugin v23.6 (Yoast SEO v27.5) - https:\/\/yoast.com\/product\/yoast-seo-premium-wordpress\/ -->\n<title>Database Replication - replicaci\u00f3n de base de datos oracle<\/title>\n<meta name=\"description\" content=\"Database Replication - replicaci\u00f3n de datos de Oracle sin importar el sistema operativo donde este instalada la instancia del manejador\" \/>\n<meta name=\"robots\" content=\"index, follow, max-snippet:-1, max-image-preview:large, max-video-preview:-1\" \/>\n<link rel=\"canonical\" href=\"https:\/\/softtown.mx\/inicio\/database-replication\/\" \/>\n<meta property=\"og:locale\" content=\"es_MX\" \/>\n<meta property=\"og:type\" content=\"article\" \/>\n<meta property=\"og:title\" content=\"Database Replication\" \/>\n<meta property=\"og:description\" content=\"Database Replication - replicaci\u00f3n de datos de Oracle sin importar el sistema operativo donde este instalada la instancia del manejador\" \/>\n<meta property=\"og:url\" content=\"https:\/\/softtown.mx\/inicio\/database-replication\/\" \/>\n<meta property=\"og:site_name\" content=\"Soft Town\" \/>\n<meta property=\"article:publisher\" content=\"https:\/\/www.facebook.com\/SoftTown\" \/>\n<meta property=\"article:modified_time\" content=\"2021-01-05T18:59:12+00:00\" \/>\n<meta name=\"twitter:card\" content=\"summary_large_image\" \/>\n<meta name=\"twitter:site\" content=\"@softtownmexico\" \/>\n<meta name=\"twitter:label1\" content=\"Tiempo de lectura\" \/>\n\t<meta name=\"twitter:data1\" content=\"5 minutos\" \/>\n<script type=\"application\/ld+json\" class=\"yoast-schema-graph\">{\"@context\":\"https:\\\/\\\/schema.org\",\"@graph\":[{\"@type\":\"WebPage\",\"@id\":\"https:\\\/\\\/softtown.mx\\\/inicio\\\/database-replication\\\/\",\"url\":\"https:\\\/\\\/softtown.mx\\\/inicio\\\/database-replication\\\/\",\"name\":\"Database Replication - replicaci\u00f3n de base de datos oracle\",\"isPartOf\":{\"@id\":\"https:\\\/\\\/softtown.mx\\\/inicio\\\/#website\"},\"datePublished\":\"2020-12-05T00:47:55+00:00\",\"dateModified\":\"2021-01-05T18:59:12+00:00\",\"description\":\"Database Replication - replicaci\u00f3n de datos de Oracle sin importar el sistema operativo donde este instalada la instancia del manejador\",\"breadcrumb\":{\"@id\":\"https:\\\/\\\/softtown.mx\\\/inicio\\\/database-replication\\\/#breadcrumb\"},\"inLanguage\":\"es\",\"potentialAction\":[{\"@type\":\"ReadAction\",\"target\":[\"https:\\\/\\\/softtown.mx\\\/inicio\\\/database-replication\\\/\"]}]},{\"@type\":\"BreadcrumbList\",\"@id\":\"https:\\\/\\\/softtown.mx\\\/inicio\\\/database-replication\\\/#breadcrumb\",\"itemListElement\":[{\"@type\":\"ListItem\",\"position\":1,\"name\":\"Home\",\"item\":\"https:\\\/\\\/softtown.mx\\\/inicio\\\/\"},{\"@type\":\"ListItem\",\"position\":2,\"name\":\"Database Replication\"}]},{\"@type\":\"WebSite\",\"@id\":\"https:\\\/\\\/softtown.mx\\\/inicio\\\/#website\",\"url\":\"https:\\\/\\\/softtown.mx\\\/inicio\\\/\",\"name\":\"Soft Town Inicio\",\"description\":\"Consultor\u00eda y Soluciones Empresariales\",\"publisher\":{\"@id\":\"https:\\\/\\\/softtown.mx\\\/inicio\\\/#organization\"},\"potentialAction\":[{\"@type\":\"SearchAction\",\"target\":{\"@type\":\"EntryPoint\",\"urlTemplate\":\"https:\\\/\\\/softtown.mx\\\/inicio\\\/?s={search_term_string}\"},\"query-input\":{\"@type\":\"PropertyValueSpecification\",\"valueRequired\":true,\"valueName\":\"search_term_string\"}}],\"inLanguage\":\"es\"},{\"@type\":\"Organization\",\"@id\":\"https:\\\/\\\/softtown.mx\\\/inicio\\\/#organization\",\"name\":\"Soft Town\",\"url\":\"https:\\\/\\\/softtown.mx\\\/inicio\\\/\",\"logo\":{\"@type\":\"ImageObject\",\"inLanguage\":\"es\",\"@id\":\"https:\\\/\\\/softtown.mx\\\/inicio\\\/#\\\/schema\\\/logo\\\/image\\\/\",\"url\":\"https:\\\/\\\/softtown.mx\\\/inicio\\\/wp-content\\\/uploads\\\/2023\\\/05\\\/softtown-logo-final-fondo-blanco-FACTURA.png\",\"contentUrl\":\"https:\\\/\\\/softtown.mx\\\/inicio\\\/wp-content\\\/uploads\\\/2023\\\/05\\\/softtown-logo-final-fondo-blanco-FACTURA.png\",\"width\":3301,\"height\":1160,\"caption\":\"Soft Town\"},\"image\":{\"@id\":\"https:\\\/\\\/softtown.mx\\\/inicio\\\/#\\\/schema\\\/logo\\\/image\\\/\"},\"sameAs\":[\"https:\\\/\\\/www.facebook.com\\\/SoftTown\",\"https:\\\/\\\/x.com\\\/softtownmexico\",\"https:\\\/\\\/www.linkedin.com\\\/company\\\/softtownmexico\\\/\"]}]}<\/script>\n<!-- \/ Yoast SEO Premium plugin. -->","yoast_head_json":{"title":"Database Replication - replicaci\u00f3n de base de datos oracle","description":"Database Replication - replicaci\u00f3n de datos de Oracle sin importar el sistema operativo donde este instalada la instancia del manejador","robots":{"index":"index","follow":"follow","max-snippet":"max-snippet:-1","max-image-preview":"max-image-preview:large","max-video-preview":"max-video-preview:-1"},"canonical":"https:\/\/softtown.mx\/inicio\/database-replication\/","og_locale":"es_MX","og_type":"article","og_title":"Database Replication","og_description":"Database Replication - replicaci\u00f3n de datos de Oracle sin importar el sistema operativo donde este instalada la instancia del manejador","og_url":"https:\/\/softtown.mx\/inicio\/database-replication\/","og_site_name":"Soft Town","article_publisher":"https:\/\/www.facebook.com\/SoftTown","article_modified_time":"2021-01-05T18:59:12+00:00","twitter_card":"summary_large_image","twitter_site":"@softtownmexico","twitter_misc":{"Tiempo de lectura":"5 minutos"},"schema":{"@context":"https:\/\/schema.org","@graph":[{"@type":"WebPage","@id":"https:\/\/softtown.mx\/inicio\/database-replication\/","url":"https:\/\/softtown.mx\/inicio\/database-replication\/","name":"Database Replication - replicaci\u00f3n de base de datos oracle","isPartOf":{"@id":"https:\/\/softtown.mx\/inicio\/#website"},"datePublished":"2020-12-05T00:47:55+00:00","dateModified":"2021-01-05T18:59:12+00:00","description":"Database Replication - replicaci\u00f3n de datos de Oracle sin importar el sistema operativo donde este instalada la instancia del manejador","breadcrumb":{"@id":"https:\/\/softtown.mx\/inicio\/database-replication\/#breadcrumb"},"inLanguage":"es","potentialAction":[{"@type":"ReadAction","target":["https:\/\/softtown.mx\/inicio\/database-replication\/"]}]},{"@type":"BreadcrumbList","@id":"https:\/\/softtown.mx\/inicio\/database-replication\/#breadcrumb","itemListElement":[{"@type":"ListItem","position":1,"name":"Home","item":"https:\/\/softtown.mx\/inicio\/"},{"@type":"ListItem","position":2,"name":"Database Replication"}]},{"@type":"WebSite","@id":"https:\/\/softtown.mx\/inicio\/#website","url":"https:\/\/softtown.mx\/inicio\/","name":"Soft Town Inicio","description":"Consultor\u00eda y Soluciones Empresariales","publisher":{"@id":"https:\/\/softtown.mx\/inicio\/#organization"},"potentialAction":[{"@type":"SearchAction","target":{"@type":"EntryPoint","urlTemplate":"https:\/\/softtown.mx\/inicio\/?s={search_term_string}"},"query-input":{"@type":"PropertyValueSpecification","valueRequired":true,"valueName":"search_term_string"}}],"inLanguage":"es"},{"@type":"Organization","@id":"https:\/\/softtown.mx\/inicio\/#organization","name":"Soft Town","url":"https:\/\/softtown.mx\/inicio\/","logo":{"@type":"ImageObject","inLanguage":"es","@id":"https:\/\/softtown.mx\/inicio\/#\/schema\/logo\/image\/","url":"https:\/\/softtown.mx\/inicio\/wp-content\/uploads\/2023\/05\/softtown-logo-final-fondo-blanco-FACTURA.png","contentUrl":"https:\/\/softtown.mx\/inicio\/wp-content\/uploads\/2023\/05\/softtown-logo-final-fondo-blanco-FACTURA.png","width":3301,"height":1160,"caption":"Soft Town"},"image":{"@id":"https:\/\/softtown.mx\/inicio\/#\/schema\/logo\/image\/"},"sameAs":["https:\/\/www.facebook.com\/SoftTown","https:\/\/x.com\/softtownmexico","https:\/\/www.linkedin.com\/company\/softtownmexico\/"]}]}},"_links":{"self":[{"href":"https:\/\/softtown.mx\/inicio\/wp-json\/wp\/v2\/pages\/940","targetHints":{"allow":["GET"]}}],"collection":[{"href":"https:\/\/softtown.mx\/inicio\/wp-json\/wp\/v2\/pages"}],"about":[{"href":"https:\/\/softtown.mx\/inicio\/wp-json\/wp\/v2\/types\/page"}],"author":[{"embeddable":true,"href":"https:\/\/softtown.mx\/inicio\/wp-json\/wp\/v2\/users\/1"}],"replies":[{"embeddable":true,"href":"https:\/\/softtown.mx\/inicio\/wp-json\/wp\/v2\/comments?post=940"}],"version-history":[{"count":0,"href":"https:\/\/softtown.mx\/inicio\/wp-json\/wp\/v2\/pages\/940\/revisions"}],"wp:attachment":[{"href":"https:\/\/softtown.mx\/inicio\/wp-json\/wp\/v2\/media?parent=940"}],"curies":[{"name":"wp","href":"https:\/\/api.w.org\/{rel}","templated":true}]}}