{"id":901,"date":"2020-12-04T23:10:51","date_gmt":"2020-12-04T23:10:51","guid":{"rendered":"https:\/\/softtown.mx\/inicio\/?page_id=901"},"modified":"2021-01-05T18:55:24","modified_gmt":"2021-01-05T18:55:24","slug":"data-masking-multiplatform","status":"publish","type":"page","link":"https:\/\/softtown.mx\/inicio\/data-masking-multiplatform\/","title":{"rendered":"Data Masking Multiplatform"},"content":{"rendered":"<p>[et_pb_section fb_built=&#8221;1&#8243; admin_label=&#8221;section&#8221; _builder_version=&#8221;3.22&#8243; custom_padding=&#8221;18px||3px|||&#8221;][et_pb_row _builder_version=&#8221;4.4.8&#8243; custom_padding=&#8221;3px||5px|||&#8221;][et_pb_column type=&#8221;4_4&#8243; _builder_version=&#8221;4.4.8&#8243;][et_pb_text _builder_version=&#8221;4.4.8&#8243;]<\/p>\n<h1 style=\"text-align: center;\"><span style=\"color: #000000;\"><strong>Data Masking Multiplatform<\/strong><\/span><\/h1>\n<p>[\/et_pb_text][\/et_pb_column][\/et_pb_row][\/et_pb_section][et_pb_section fb_built=&#8221;1&#8243; _builder_version=&#8221;4.4.8&#8243; background_image=&#8221;https:\/\/softtown.mx\/inicio\/wp-content\/uploads\/2020\/11\/Soft-Town.png&#8221; background_size=&#8221;initial&#8221; background_position=&#8221;top_right&#8221; custom_padding=&#8221;5px|||||&#8221; filter_opacity=&#8221;67%&#8221;][et_pb_row _builder_version=&#8221;4.4.8&#8243; custom_padding=&#8221;3px||3px|||&#8221;][et_pb_column type=&#8221;4_4&#8243; _builder_version=&#8221;4.4.8&#8243;][et_pb_text _builder_version=&#8221;4.4.8&#8243;]<\/p>\n<p style=\"text-align: justify;\"><strong><span style=\"color: #000000;\">La capacidad de enmascaramiento de la plataforma Delphix le permite encontrar datos confidenciales y luego transformarlos en valores ficticios pero realistas.<\/span><\/strong><\/p>\n<p style=\"text-align: justify;\"><strong><span style=\"color: #000000;\">Cree un perfil personalizado basado en sus pol\u00edticas de seguridad de datos \u00fanicas, e<\/span><\/strong><strong><span style=\"color: #000000;\">jecute un trabajo de perfil para buscar datos confidenciales y ver los resultados y obtenga\u00a0<\/span><\/strong><strong><span style=\"color: #000000;\">un trabajo de enmascaramiento en una aplicaci\u00f3n CRM y vea la transformaci\u00f3n de datos.<\/span><\/strong><\/p>\n<p>[\/et_pb_text][\/et_pb_column][\/et_pb_row][\/et_pb_section][et_pb_section fb_built=&#8221;1&#8243; _builder_version=&#8221;4.4.8&#8243; custom_margin=&#8221;-44px|||||&#8221; custom_padding=&#8221;7px|||||&#8221; hover_enabled=&#8221;0&#8243; background_enable_image=&#8221;off&#8221;][et_pb_row column_structure=&#8221;1_3,1_3,1_3&#8243; use_custom_gutter=&#8221;on&#8221; gutter_width=&#8221;4&#8243; _builder_version=&#8221;4.4.8&#8243; custom_padding=&#8221;||11px|||&#8221;][et_pb_column type=&#8221;1_3&#8243; _builder_version=&#8221;4.4.8&#8243; vertical_offset=&#8221;0px&#8221;][et_pb_text _builder_version=&#8221;4.4.8&#8243; custom_margin=&#8221;||3px|||&#8221;]<\/p>\n<h2><strong>Identifique f\u00e1cilmente datos sensibles<\/strong><\/h2>\n<p>[\/et_pb_text][et_pb_text _builder_version=&#8221;4.4.8&#8243; custom_margin=&#8221;||7px|||&#8221;]<\/p>\n<p style=\"text-align: justify;\"><span style=\"color: #000000;\">La creaci\u00f3n de perfiles de Delphix identifica informaci\u00f3n confidencial, como nombres, direcciones de correo electr\u00f3nico y n\u00fameros de tarjetas de cr\u00e9dito en una variedad de fuentes de datos, incluidas bases de datos y archivos relacionales. Delphix proporciona m\u00e1s de 50 conjuntos de perfiles listos para usar que cubren 30 tipos de datos confidenciales, as\u00ed como la capacidad de definir expresiones de perfiles personalizadas.<\/span><\/p>\n<p>[\/et_pb_text][\/et_pb_column][et_pb_column type=&#8221;1_3&#8243; _builder_version=&#8221;4.4.8&#8243;][et_pb_text _builder_version=&#8221;4.4.8&#8243; custom_margin=&#8221;||3px|||&#8221;]<\/p>\n<h2><strong>Enmascare\u00a0<\/strong><strong>datos sensibles\u00a0<\/strong><strong>autom\u00e1ticamente\u00a0<\/strong><\/h2>\n<p>[\/et_pb_text][et_pb_text _builder_version=&#8221;4.4.8&#8243; custom_margin=&#8221;||7px|||&#8221;]<\/p>\n<p style=\"text-align: justify;\"><span style=\"color: #000000;\">Los algoritmos de enmascaramiento Delphix no requieren programaci\u00f3n y producen valores realistas al tiempo que preservan la integridad referencial dentro y entre las fuentes. Los marcos de algoritmos listos para usar se pueden personalizar r\u00e1pidamente o se pueden definir f\u00e1cilmente nuevos algoritmos si es necesario. Los datos enmascarados tienen una calidad similar a la de una producci\u00f3n y siguen siendo completamente funcionales para un desarrollo, prueba y an\u00e1lisis precisos.<\/span><\/p>\n<p>[\/et_pb_text][\/et_pb_column][et_pb_column type=&#8221;1_3&#8243; _builder_version=&#8221;4.4.8&#8243;][et_pb_text _builder_version=&#8221;4.4.8&#8243; custom_margin=&#8221;||3px|||&#8221;]<\/p>\n<h2><strong>Basado en pol\u00edticas para el cumplimiento de la privacidad<\/strong><\/h2>\n<p>[\/et_pb_text][et_pb_text _builder_version=&#8221;4.4.8&#8243; custom_margin=&#8221;||7px|||&#8221;]<\/p>\n<p style=\"text-align: justify;\"><span style=\"color: #000000;\">Los datos pueden ser tokenizados y revertidos o enmascarados irreversiblemente de acuerdo con est\u00e1ndares internos y regulaciones de privacidad como GDPR, CCPA y HIPAA. Delphix brinda la capacidad de definir y aplicar ampliamente un conjunto consistente de pol\u00edticas de enmascaramiento para mitigar los riesgos de privacidad y seguridad en entornos que no son de producci\u00f3n, donde reside la gran mayor\u00eda de las copias de datos confidenciales.<\/span><\/p>\n<p>[\/et_pb_text][\/et_pb_column][\/et_pb_row][et_pb_row _builder_version=&#8221;4.4.8&#8243; custom_padding=&#8221;||12px|||&#8221;][et_pb_column type=&#8221;4_4&#8243; _builder_version=&#8221;4.4.8&#8243;][et_pb_divider _builder_version=&#8221;4.4.8&#8243;][\/et_pb_divider][\/et_pb_column][\/et_pb_row][et_pb_row column_structure=&#8221;1_2,1_2&#8243; use_custom_gutter=&#8221;on&#8221; gutter_width=&#8221;1&#8243; _builder_version=&#8221;4.4.8&#8243; background_color=&#8221;#ffffff&#8221;][et_pb_column type=&#8221;1_2&#8243; _builder_version=&#8221;4.4.8&#8243;][et_pb_text _builder_version=&#8221;4.4.8&#8243; background_color=&#8221;#ffffff&#8221;]<\/p>\n<h3 style=\"text-align: center;\"><strong>Data Masking Data Sheet<\/strong><\/h3>\n<p style=\"text-align: center;\"><strong><\/strong><\/p>\n<h5 style=\"text-align: center;\"><strong><span><\/span><\/strong><\/h5>\n<h5 style=\"text-align: center;\"><strong><span><\/span><\/strong><\/h5>\n<h5 style=\"text-align: center;\"><a href=\"https:\/\/softtown.mx\/inicio\/wp-content\/uploads\/2020\/12\/WEB_Datasheet_DataMasking_0318.pdf\" target=\"_blank\" rel=\"noopener noreferrer\" title=\"Delphix Data Sheet\"><span style=\"color: #0000ff;\"><strong>Download\u00a0 <\/strong>\u2192<\/span><\/a><\/h5>\n<p>[\/et_pb_text][\/et_pb_column][et_pb_column type=&#8221;1_2&#8243; _builder_version=&#8221;4.4.8&#8243;][et_pb_text _builder_version=&#8221;4.4.8&#8243;]<\/p>\n<h3 style=\"text-align: center;\"><strong>Case Studies<\/strong><\/h3>\n<p style=\"text-align: center;\"><strong><\/strong><\/p>\n<p style=\"text-align: center;\"><strong><\/strong><\/p>\n<h5 style=\"text-align: center;\"><a href=\"delphix-customer-success-ebook-cloud-data-risk-letter-web\" target=\"_blank\" rel=\"noopener noreferrer\" title=\"Customer success\"><span style=\"color: #0000ff;\"><strong>Download\u00a0\u2192<\/strong><\/span><\/a><\/h5>\n<p>[\/et_pb_text][\/et_pb_column][\/et_pb_row][et_pb_row _builder_version=&#8221;4.4.8&#8243; background_color=&#8221;#ffffff&#8221; custom_margin=&#8221;|auto|1px|auto||&#8221; custom_padding=&#8221;3px||6px|||&#8221;][et_pb_column type=&#8221;4_4&#8243; _builder_version=&#8221;4.4.8&#8243;][\/et_pb_column][\/et_pb_row][et_pb_row column_structure=&#8221;1_2,1_2&#8243; use_custom_gutter=&#8221;on&#8221; _builder_version=&#8221;4.4.8&#8243; background_color=&#8221;#ffffff&#8221; custom_padding=&#8221;5px|||||&#8221;][et_pb_column type=&#8221;1_2&#8243; _builder_version=&#8221;4.4.8&#8243;][et_pb_text _builder_version=&#8221;4.4.8&#8243;]<\/p>\n<h3 style=\"text-align: left;\"><strong>Video: Delphix Data Security<\/strong><\/h3>\n<h3 style=\"text-align: left;\"><strong>and Masking<\/strong><\/h3>\n<p>[\/et_pb_text][et_pb_code _builder_version=&#8221;4.4.8&#8243;]<iframe loading=\"lazy\" title=\"vimeo-player\" src=\"https:\/\/player.vimeo.com\/video\/431628112\" width=\"640\" height=\"360\" frameborder=\"0\" allowfullscreen><\/iframe>[\/et_pb_code][\/et_pb_column][et_pb_column type=&#8221;1_2&#8243; _builder_version=&#8221;4.4.8&#8243;][et_pb_text _builder_version=&#8221;4.4.8&#8243;]<\/p>\n<h3><strong>WhitePaper: Protecting Sensitive<\/strong><\/h3>\n<h3><strong>Data\u00a0<\/strong><strong>whith Data Masking<\/strong><\/h3>\n<p><strong><\/strong><\/p>\n<h5 style=\"text-align: left;\"><a href=\"delphix-whitepaper-data-masking-letter-web-q121-000093\" target=\"_blank\" rel=\"noopener noreferrer\" title=\"Whitepaper\"><strong><span style=\"color: #0000ff;\">Download\u00a0\u2192<\/span><\/strong><\/a><br \/> <strong><\/strong><\/h5>\n<p>[\/et_pb_text][et_pb_text _builder_version=&#8221;4.4.8&#8243; custom_margin=&#8221;||2px|||&#8221;]<\/p>\n<h5><span style=\"color: #000000;\"><strong>Solicita una demo<\/strong><\/span><\/h5>\n<p>[\/et_pb_text][et_pb_code _builder_version=&#8221;4.4.8&#8243;][contact-form-7 id=&#8221;2712&#8243; title=&#8221;Delphix Data Masking&#8221;][\/et_pb_code][\/et_pb_column][\/et_pb_row][\/et_pb_section]<\/p>\n","protected":false},"excerpt":{"rendered":"<p>Data Masking MultiplatformLa capacidad de enmascaramiento de la plataforma Delphix le permite encontrar datos confidenciales y luego transformarlos en valores ficticios pero realistas. Cree un perfil personalizado basado en sus pol\u00edticas de seguridad de datos \u00fanicas, ejecute un trabajo de perfil para buscar datos confidenciales y ver los resultados y obtenga\u00a0un trabajo de enmascaramiento en [&hellip;]<\/p>\n","protected":false},"author":1,"featured_media":0,"parent":0,"menu_order":0,"comment_status":"closed","ping_status":"closed","template":"","meta":{"_et_pb_use_builder":"on","_et_pb_old_content":"<!-- wp:divi\/placeholder \/-->","_et_gb_content_width":"","_monsterinsights_skip_tracking":false,"_monsterinsights_sitenote_active":false,"_monsterinsights_sitenote_note":"","_monsterinsights_sitenote_category":0,"footnotes":""},"class_list":["post-901","page","type-page","status-publish","hentry"],"yoast_head":"<!-- This site is optimized with the Yoast SEO Premium plugin v23.6 (Yoast SEO v27.5) - https:\/\/yoast.com\/product\/yoast-seo-premium-wordpress\/ -->\n<title>Data Masking Multiplatform - enmascaramiento de datos sensibles<\/title>\n<meta name=\"description\" content=\"Data Masking Multiplatform - Delphix le permite encontrar datos confidenciales y luego transformarlos en valores ficticios pero realistas\" \/>\n<meta name=\"robots\" content=\"index, follow, max-snippet:-1, max-image-preview:large, max-video-preview:-1\" \/>\n<link rel=\"canonical\" href=\"https:\/\/softtown.mx\/inicio\/data-masking-multiplatform\/\" \/>\n<meta property=\"og:locale\" content=\"es_MX\" \/>\n<meta property=\"og:type\" content=\"article\" \/>\n<meta property=\"og:title\" content=\"Data Masking Multiplatform\" \/>\n<meta property=\"og:description\" content=\"Data Masking Multiplatform - Delphix le permite encontrar datos confidenciales y luego transformarlos en valores ficticios pero realistas\" \/>\n<meta property=\"og:url\" content=\"https:\/\/softtown.mx\/inicio\/data-masking-multiplatform\/\" \/>\n<meta property=\"og:site_name\" content=\"Soft Town\" \/>\n<meta property=\"article:publisher\" content=\"https:\/\/www.facebook.com\/SoftTown\" \/>\n<meta property=\"article:modified_time\" content=\"2021-01-05T18:55:24+00:00\" \/>\n<meta name=\"twitter:card\" content=\"summary_large_image\" \/>\n<meta name=\"twitter:site\" content=\"@softtownmexico\" \/>\n<meta name=\"twitter:label1\" content=\"Tiempo de lectura\" \/>\n\t<meta name=\"twitter:data1\" content=\"4 minutos\" \/>\n<script type=\"application\/ld+json\" class=\"yoast-schema-graph\">{\"@context\":\"https:\\\/\\\/schema.org\",\"@graph\":[{\"@type\":\"WebPage\",\"@id\":\"https:\\\/\\\/softtown.mx\\\/inicio\\\/data-masking-multiplatform\\\/\",\"url\":\"https:\\\/\\\/softtown.mx\\\/inicio\\\/data-masking-multiplatform\\\/\",\"name\":\"Data Masking Multiplatform - enmascaramiento de datos sensibles\",\"isPartOf\":{\"@id\":\"https:\\\/\\\/softtown.mx\\\/inicio\\\/#website\"},\"datePublished\":\"2020-12-04T23:10:51+00:00\",\"dateModified\":\"2021-01-05T18:55:24+00:00\",\"description\":\"Data Masking Multiplatform - Delphix le permite encontrar datos confidenciales y luego transformarlos en valores ficticios pero realistas\",\"breadcrumb\":{\"@id\":\"https:\\\/\\\/softtown.mx\\\/inicio\\\/data-masking-multiplatform\\\/#breadcrumb\"},\"inLanguage\":\"es\",\"potentialAction\":[{\"@type\":\"ReadAction\",\"target\":[\"https:\\\/\\\/softtown.mx\\\/inicio\\\/data-masking-multiplatform\\\/\"]}]},{\"@type\":\"BreadcrumbList\",\"@id\":\"https:\\\/\\\/softtown.mx\\\/inicio\\\/data-masking-multiplatform\\\/#breadcrumb\",\"itemListElement\":[{\"@type\":\"ListItem\",\"position\":1,\"name\":\"Home\",\"item\":\"https:\\\/\\\/softtown.mx\\\/inicio\\\/\"},{\"@type\":\"ListItem\",\"position\":2,\"name\":\"Data Masking Multiplatform\"}]},{\"@type\":\"WebSite\",\"@id\":\"https:\\\/\\\/softtown.mx\\\/inicio\\\/#website\",\"url\":\"https:\\\/\\\/softtown.mx\\\/inicio\\\/\",\"name\":\"Soft Town Inicio\",\"description\":\"Consultor\u00eda y Soluciones Empresariales\",\"publisher\":{\"@id\":\"https:\\\/\\\/softtown.mx\\\/inicio\\\/#organization\"},\"potentialAction\":[{\"@type\":\"SearchAction\",\"target\":{\"@type\":\"EntryPoint\",\"urlTemplate\":\"https:\\\/\\\/softtown.mx\\\/inicio\\\/?s={search_term_string}\"},\"query-input\":{\"@type\":\"PropertyValueSpecification\",\"valueRequired\":true,\"valueName\":\"search_term_string\"}}],\"inLanguage\":\"es\"},{\"@type\":\"Organization\",\"@id\":\"https:\\\/\\\/softtown.mx\\\/inicio\\\/#organization\",\"name\":\"Soft Town\",\"url\":\"https:\\\/\\\/softtown.mx\\\/inicio\\\/\",\"logo\":{\"@type\":\"ImageObject\",\"inLanguage\":\"es\",\"@id\":\"https:\\\/\\\/softtown.mx\\\/inicio\\\/#\\\/schema\\\/logo\\\/image\\\/\",\"url\":\"https:\\\/\\\/softtown.mx\\\/inicio\\\/wp-content\\\/uploads\\\/2023\\\/05\\\/softtown-logo-final-fondo-blanco-FACTURA.png\",\"contentUrl\":\"https:\\\/\\\/softtown.mx\\\/inicio\\\/wp-content\\\/uploads\\\/2023\\\/05\\\/softtown-logo-final-fondo-blanco-FACTURA.png\",\"width\":3301,\"height\":1160,\"caption\":\"Soft Town\"},\"image\":{\"@id\":\"https:\\\/\\\/softtown.mx\\\/inicio\\\/#\\\/schema\\\/logo\\\/image\\\/\"},\"sameAs\":[\"https:\\\/\\\/www.facebook.com\\\/SoftTown\",\"https:\\\/\\\/x.com\\\/softtownmexico\",\"https:\\\/\\\/www.linkedin.com\\\/company\\\/softtownmexico\\\/\"]}]}<\/script>\n<!-- \/ Yoast SEO Premium plugin. -->","yoast_head_json":{"title":"Data Masking Multiplatform - enmascaramiento de datos sensibles","description":"Data Masking Multiplatform - Delphix le permite encontrar datos confidenciales y luego transformarlos en valores ficticios pero realistas","robots":{"index":"index","follow":"follow","max-snippet":"max-snippet:-1","max-image-preview":"max-image-preview:large","max-video-preview":"max-video-preview:-1"},"canonical":"https:\/\/softtown.mx\/inicio\/data-masking-multiplatform\/","og_locale":"es_MX","og_type":"article","og_title":"Data Masking Multiplatform","og_description":"Data Masking Multiplatform - Delphix le permite encontrar datos confidenciales y luego transformarlos en valores ficticios pero realistas","og_url":"https:\/\/softtown.mx\/inicio\/data-masking-multiplatform\/","og_site_name":"Soft Town","article_publisher":"https:\/\/www.facebook.com\/SoftTown","article_modified_time":"2021-01-05T18:55:24+00:00","twitter_card":"summary_large_image","twitter_site":"@softtownmexico","twitter_misc":{"Tiempo de lectura":"4 minutos"},"schema":{"@context":"https:\/\/schema.org","@graph":[{"@type":"WebPage","@id":"https:\/\/softtown.mx\/inicio\/data-masking-multiplatform\/","url":"https:\/\/softtown.mx\/inicio\/data-masking-multiplatform\/","name":"Data Masking Multiplatform - enmascaramiento de datos sensibles","isPartOf":{"@id":"https:\/\/softtown.mx\/inicio\/#website"},"datePublished":"2020-12-04T23:10:51+00:00","dateModified":"2021-01-05T18:55:24+00:00","description":"Data Masking Multiplatform - Delphix le permite encontrar datos confidenciales y luego transformarlos en valores ficticios pero realistas","breadcrumb":{"@id":"https:\/\/softtown.mx\/inicio\/data-masking-multiplatform\/#breadcrumb"},"inLanguage":"es","potentialAction":[{"@type":"ReadAction","target":["https:\/\/softtown.mx\/inicio\/data-masking-multiplatform\/"]}]},{"@type":"BreadcrumbList","@id":"https:\/\/softtown.mx\/inicio\/data-masking-multiplatform\/#breadcrumb","itemListElement":[{"@type":"ListItem","position":1,"name":"Home","item":"https:\/\/softtown.mx\/inicio\/"},{"@type":"ListItem","position":2,"name":"Data Masking Multiplatform"}]},{"@type":"WebSite","@id":"https:\/\/softtown.mx\/inicio\/#website","url":"https:\/\/softtown.mx\/inicio\/","name":"Soft Town Inicio","description":"Consultor\u00eda y Soluciones Empresariales","publisher":{"@id":"https:\/\/softtown.mx\/inicio\/#organization"},"potentialAction":[{"@type":"SearchAction","target":{"@type":"EntryPoint","urlTemplate":"https:\/\/softtown.mx\/inicio\/?s={search_term_string}"},"query-input":{"@type":"PropertyValueSpecification","valueRequired":true,"valueName":"search_term_string"}}],"inLanguage":"es"},{"@type":"Organization","@id":"https:\/\/softtown.mx\/inicio\/#organization","name":"Soft Town","url":"https:\/\/softtown.mx\/inicio\/","logo":{"@type":"ImageObject","inLanguage":"es","@id":"https:\/\/softtown.mx\/inicio\/#\/schema\/logo\/image\/","url":"https:\/\/softtown.mx\/inicio\/wp-content\/uploads\/2023\/05\/softtown-logo-final-fondo-blanco-FACTURA.png","contentUrl":"https:\/\/softtown.mx\/inicio\/wp-content\/uploads\/2023\/05\/softtown-logo-final-fondo-blanco-FACTURA.png","width":3301,"height":1160,"caption":"Soft Town"},"image":{"@id":"https:\/\/softtown.mx\/inicio\/#\/schema\/logo\/image\/"},"sameAs":["https:\/\/www.facebook.com\/SoftTown","https:\/\/x.com\/softtownmexico","https:\/\/www.linkedin.com\/company\/softtownmexico\/"]}]}},"_links":{"self":[{"href":"https:\/\/softtown.mx\/inicio\/wp-json\/wp\/v2\/pages\/901","targetHints":{"allow":["GET"]}}],"collection":[{"href":"https:\/\/softtown.mx\/inicio\/wp-json\/wp\/v2\/pages"}],"about":[{"href":"https:\/\/softtown.mx\/inicio\/wp-json\/wp\/v2\/types\/page"}],"author":[{"embeddable":true,"href":"https:\/\/softtown.mx\/inicio\/wp-json\/wp\/v2\/users\/1"}],"replies":[{"embeddable":true,"href":"https:\/\/softtown.mx\/inicio\/wp-json\/wp\/v2\/comments?post=901"}],"version-history":[{"count":0,"href":"https:\/\/softtown.mx\/inicio\/wp-json\/wp\/v2\/pages\/901\/revisions"}],"wp:attachment":[{"href":"https:\/\/softtown.mx\/inicio\/wp-json\/wp\/v2\/media?parent=901"}],"curies":[{"name":"wp","href":"https:\/\/api.w.org\/{rel}","templated":true}]}}