{"id":884,"date":"2020-12-04T22:49:09","date_gmt":"2020-12-04T22:49:09","guid":{"rendered":"https:\/\/softtown.mx\/inicio\/?page_id=884"},"modified":"2021-12-13T17:21:04","modified_gmt":"2021-12-13T17:21:04","slug":"infraestructura","status":"publish","type":"page","link":"https:\/\/softtown.mx\/inicio\/infraestructura\/","title":{"rendered":"Infraestructura"},"content":{"rendered":"<p>[et_pb_section fb_built=&#8221;1&#8243; _builder_version=&#8221;4.4.8&#8243; background_enable_image=&#8221;off&#8221; background_size=&#8221;initial&#8221; background_position=&#8221;top_right&#8221; custom_padding=&#8221;3px|||||&#8221; filter_opacity=&#8221;67%&#8221;][et_pb_row _builder_version=&#8221;4.4.8&#8243; hover_enabled=&#8221;0&#8243; disabled_on=&#8221;off|off|off&#8221;][et_pb_column type=&#8221;4_4&#8243; _builder_version=&#8221;4.4.8&#8243;][et_pb_text _builder_version=&#8221;4.4.8&#8243; custom_margin=&#8221;||-4px|||&#8221;]<\/p>\n<h1 style=\"text-align: center;\"><span style=\"color: #000000;\"><strong>Infraestructura<\/strong><\/span><\/h1>\n<p>[\/et_pb_text][\/et_pb_column][\/et_pb_row][et_pb_row _builder_version=&#8221;4.4.8&#8243; custom_padding=&#8221;5px|||||&#8221; hover_enabled=&#8221;0&#8243; disabled_on=&#8221;off|off|off&#8221;][et_pb_column type=&#8221;4_4&#8243; _builder_version=&#8221;4.4.8&#8243;][et_pb_text _builder_version=&#8221;4.4.8&#8243; header_2_font_size=&#8221;17px&#8221;]<\/p>\n<p style=\"text-align: justify;\"><span style=\"color: #000000;\"><strong>A trav\u00e9s de una p\u00f3liza de servicios de mejora continua y resoluci\u00f3n de incidentes de infraestructura, el cliente obtendr\u00e1 la continuidad de la operaci\u00f3n del ambiente Microsoft para as\u00ed tener un mayor grado de disponibilidad y con ello no afectar de manera recurrente la operaci\u00f3n diaria de la organizaci\u00f3n.\u00a0<\/strong><\/span><\/p>\n<p>[\/et_pb_text][et_pb_divider show_divider=&#8221;off&#8221; _builder_version=&#8221;4.4.8&#8243;][\/et_pb_divider][\/et_pb_column][\/et_pb_row][et_pb_row column_structure=&#8221;1_2,1_2&#8243; use_custom_gutter=&#8221;on&#8221; make_equal=&#8221;on&#8221; _builder_version=&#8221;4.4.8&#8243; width=&#8221;100%&#8221; module_alignment=&#8221;center&#8221; custom_padding=&#8221;3px|||||&#8221; hover_enabled=&#8221;0&#8243; disabled_on=&#8221;off|off|off&#8221;][et_pb_column type=&#8221;1_2&#8243; _builder_version=&#8221;4.4.8&#8243; horizontal_offset=&#8221;34px&#8221;][et_pb_text _builder_version=&#8221;4.4.8&#8243; custom_margin=&#8221;||11px|||&#8221;]<\/p>\n<h3 style=\"text-align: left;\"><strong>Outsourcing MCP<\/strong><\/h3>\n<p>[\/et_pb_text][et_pb_text _builder_version=&#8221;4.4.8&#8243; custom_margin=&#8221;0px||||false|false&#8221;]<\/p>\n<h5><strong>Servicio remoto, Ing. Senior.<\/strong><\/h5>\n<ol>\n<li><span style=\"color: #000000;\">Windows Client.<\/span><\/li>\n<li><span style=\"color: #000000;\">Windows Server.<\/span><\/li>\n<li><span style=\"color: #000000;\">Exchange (Troubleshooting).<\/span><\/li>\n<li><span style=\"color: #000000;\">Servicios de Red DNS y DHCP.<\/span><\/li>\n<li><span style=\"color: #000000;\">Hyper-V.<\/span><\/li>\n<\/ol>\n<p>&nbsp;<\/p>\n<p>[\/et_pb_text][\/et_pb_column][et_pb_column type=&#8221;1_2&#8243; _builder_version=&#8221;4.4.8&#8243;][et_pb_image src=&#8221;https:\/\/softtown.mx\/inicio\/wp-content\/uploads\/2020\/12\/Outsourcing-MCP.jpg&#8221; alt=&#8221;Outsourcing MCP&#8221; title_text=&#8221;Outsourcing MCP&#8221; align=&#8221;center&#8221; _builder_version=&#8221;4.4.8&#8243;][\/et_pb_image][\/et_pb_column][\/et_pb_row][et_pb_row _builder_version=&#8221;4.4.8&#8243; hover_enabled=&#8221;0&#8243; disabled_on=&#8221;off|off|off&#8221;][et_pb_column type=&#8221;4_4&#8243; _builder_version=&#8221;4.4.8&#8243;][et_pb_divider divider_weight=&#8221;2px&#8221; _builder_version=&#8221;4.4.8&#8243;][\/et_pb_divider][\/et_pb_column][\/et_pb_row][et_pb_row column_structure=&#8221;1_2,1_2&#8243; use_custom_gutter=&#8221;on&#8221; gutter_width=&#8221;4&#8243; make_equal=&#8221;on&#8221; _builder_version=&#8221;4.4.8&#8243; width=&#8221;100%&#8221; hover_enabled=&#8221;0&#8243; disabled_on=&#8221;off|off|off&#8221;][et_pb_column type=&#8221;1_2&#8243; _builder_version=&#8221;4.4.8&#8243;][et_pb_image src=&#8221;https:\/\/softtown.mx\/inicio\/wp-content\/uploads\/2020\/12\/salud.png&#8221; alt=&#8221;salud&#8221; title_text=&#8221;salud&#8221; align=&#8221;center&#8221; force_fullwidth=&#8221;on&#8221; _builder_version=&#8221;4.4.8&#8243;][\/et_pb_image][\/et_pb_column][et_pb_column type=&#8221;1_2&#8243; _builder_version=&#8221;4.4.8&#8243;][et_pb_text _builder_version=&#8221;4.4.8&#8243; custom_margin=&#8221;||7px|||&#8221;]<\/p>\n<h3><span style=\"color: #000000;\"><strong>Health Check de infraestructura<\/strong><\/span><\/h3>\n<p>[\/et_pb_text][et_pb_text _builder_version=&#8221;4.4.8&#8243;]<\/p>\n<p style=\"text-align: justify;\"><span style=\"color: #000000;\"><strong>A trav\u00e9s del servicio de Health Check garantizamos:<\/strong><\/span><\/p>\n<p style=\"text-align: justify;\"><span style=\"color: #000000;\"><strong><\/strong><\/span><\/p>\n<ul>\n<li style=\"text-align: justify;\"><span style=\"color: #000000;\">Tiempo de respuesta mucho m\u00e1s \u00e1gil.<\/span><\/li>\n<li style=\"text-align: justify;\"><span style=\"color: #000000;\">Detecci\u00f3n de las causas que est\u00e9n comprometiendo los servicios.<\/span><\/li>\n<li style=\"text-align: justify;\"><span style=\"color: #000000;\">Aseguramiento de la calidad al seguir las <strong>mejores pr\u00e1cticas.<\/strong><\/span><\/li>\n<li style=\"text-align: justify;\"><span style=\"color: #000000;\">Previnci\u00f3n de cualquier situaci\u00f3n de manera anticipada.<\/span><\/li>\n<\/ul>\n<p>[\/et_pb_text][\/et_pb_column][\/et_pb_row][et_pb_row _builder_version=&#8221;4.4.8&#8243; hover_enabled=&#8221;0&#8243; disabled_on=&#8221;off|off|off&#8221;][et_pb_column type=&#8221;4_4&#8243; _builder_version=&#8221;4.4.8&#8243;][et_pb_divider divider_weight=&#8221;2px&#8221; _builder_version=&#8221;4.4.8&#8243;][\/et_pb_divider][\/et_pb_column][\/et_pb_row][et_pb_row column_structure=&#8221;1_2,1_2&#8243; use_custom_gutter=&#8221;on&#8221; gutter_width=&#8221;2&#8243; _builder_version=&#8221;4.4.8&#8243; custom_padding=&#8221;||24px|||&#8221; hover_enabled=&#8221;0&#8243; disabled_on=&#8221;off|off|off&#8221;][et_pb_column type=&#8221;1_2&#8243; _builder_version=&#8221;4.4.8&#8243;][et_pb_text _builder_version=&#8221;4.4.8&#8243; custom_margin=&#8221;||8px|||&#8221;]<\/p>\n<h3><span style=\"color: #000000;\"><strong>Alta disponibilidad (HA).<\/strong><\/span><\/h3>\n<p>[\/et_pb_text][et_pb_text _builder_version=&#8221;4.4.8&#8243;]<\/p>\n<p id=\"ha\"><span style=\"color: #000000;\"><strong>Active Directory Domain Services de alta disponibilidad<\/strong><\/span><\/p>\n<p><span style=\"color: #000000;\"><strong><\/strong><\/span><\/p>\n<ul>\n<li><span style=\"color: #000000;\">Implementaci\u00f3n y administraci\u00f3n de alta disponibilidad.<\/span><\/li>\n<li><span style=\"color: #000000;\">Creaci\u00f3n y supervisi\u00f3n de grupos de disponibilidad de bases de datos.<\/span><\/li>\n<li><span style=\"color: #000000;\">Copias de seguridad, restauraci\u00f3n y recuperaci\u00f3n ante desastres.<\/span><\/li>\n<\/ul>\n<p>[\/et_pb_text][et_pb_text _builder_version=&#8221;4.4.8&#8243; custom_margin=&#8221;||9px|||&#8221;]<\/p>\n<h3><span style=\"color: #000000;\"><strong>Plan de recuperaci\u00f3n DRP<\/strong><\/span><\/h3>\n<p>[\/et_pb_text][et_pb_text _builder_version=&#8221;4.4.8&#8243;]<\/p>\n<p><span style=\"color: #000000;\">Replicaci\u00f3n de Active Directory y Exchange.<\/span><\/p>\n<p>[\/et_pb_text][\/et_pb_column][et_pb_column type=&#8221;1_2&#8243; _builder_version=&#8221;4.4.8&#8243;][et_pb_image src=&#8221;https:\/\/softtown.mx\/inicio\/wp-content\/uploads\/2020\/12\/Alta-Disponibilidad-HA.jpg&#8221; alt=&#8221;Alta Disponibilidad HA&#8221; title_text=&#8221;Alta Disponibilidad HA&#8221; align=&#8221;right&#8221; _builder_version=&#8221;4.4.8&#8243; custom_padding=&#8221;||0px|||&#8221;][\/et_pb_image][\/et_pb_column][\/et_pb_row][\/et_pb_section]<\/p>\n","protected":false},"excerpt":{"rendered":"<p>InfraestructuraA trav\u00e9s de una p\u00f3liza de servicios de mejora continua y resoluci\u00f3n de incidentes de infraestructura, el cliente obtendr\u00e1 la continuidad de la operaci\u00f3n del ambiente Microsoft para as\u00ed tener un mayor grado de disponibilidad y con ello no afectar de manera recurrente la operaci\u00f3n diaria de la organizaci\u00f3n.\u00a0Outsourcing MCPServicio remoto, Ing. Senior. Windows Client. [&hellip;]<\/p>\n","protected":false},"author":1,"featured_media":0,"parent":0,"menu_order":0,"comment_status":"closed","ping_status":"closed","template":"","meta":{"_et_pb_use_builder":"on","_et_pb_old_content":"<!-- wp:divi\/placeholder \/-->","_et_gb_content_width":"","_monsterinsights_skip_tracking":false,"_monsterinsights_sitenote_active":false,"_monsterinsights_sitenote_note":"","_monsterinsights_sitenote_category":0,"footnotes":""},"class_list":["post-884","page","type-page","status-publish","hentry"],"yoast_head":"<!-- This site is optimized with the Yoast SEO Premium plugin v23.6 (Yoast SEO v27.5) - https:\/\/yoast.com\/product\/yoast-seo-premium-wordpress\/ -->\n<title>Infraestructura - servicios administrados y soporte t\u00e9cnico<\/title>\n<meta name=\"description\" content=\"Infraestructura - P\u00f3liza de servicios de mejora continua y resoluci\u00f3n de incidentes, el cliente obtendr\u00e1 la continuidad de la operaci\u00f3n\" \/>\n<meta name=\"robots\" content=\"index, follow, max-snippet:-1, max-image-preview:large, max-video-preview:-1\" \/>\n<link rel=\"canonical\" href=\"https:\/\/softtown.mx\/inicio\/infraestructura\/\" \/>\n<meta property=\"og:locale\" content=\"es_MX\" \/>\n<meta property=\"og:type\" content=\"article\" \/>\n<meta property=\"og:title\" content=\"Infraestructura\" \/>\n<meta property=\"og:description\" content=\"Infraestructura - P\u00f3liza de servicios de mejora continua y resoluci\u00f3n de incidentes, el cliente obtendr\u00e1 la continuidad de la operaci\u00f3n\" \/>\n<meta property=\"og:url\" content=\"https:\/\/softtown.mx\/inicio\/infraestructura\/\" \/>\n<meta property=\"og:site_name\" content=\"Soft Town\" \/>\n<meta property=\"article:publisher\" content=\"https:\/\/www.facebook.com\/SoftTown\" \/>\n<meta property=\"article:modified_time\" content=\"2021-12-13T17:21:04+00:00\" \/>\n<meta name=\"twitter:card\" content=\"summary_large_image\" \/>\n<meta name=\"twitter:site\" content=\"@softtownmexico\" \/>\n<meta name=\"twitter:label1\" content=\"Tiempo de lectura\" \/>\n\t<meta name=\"twitter:data1\" content=\"3 minutos\" \/>\n<script type=\"application\/ld+json\" class=\"yoast-schema-graph\">{\"@context\":\"https:\\\/\\\/schema.org\",\"@graph\":[{\"@type\":\"WebPage\",\"@id\":\"https:\\\/\\\/softtown.mx\\\/inicio\\\/infraestructura\\\/\",\"url\":\"https:\\\/\\\/softtown.mx\\\/inicio\\\/infraestructura\\\/\",\"name\":\"Infraestructura - servicios administrados y soporte t\u00e9cnico\",\"isPartOf\":{\"@id\":\"https:\\\/\\\/softtown.mx\\\/inicio\\\/#website\"},\"datePublished\":\"2020-12-04T22:49:09+00:00\",\"dateModified\":\"2021-12-13T17:21:04+00:00\",\"description\":\"Infraestructura - P\u00f3liza de servicios de mejora continua y resoluci\u00f3n de incidentes, el cliente obtendr\u00e1 la continuidad de la operaci\u00f3n\",\"breadcrumb\":{\"@id\":\"https:\\\/\\\/softtown.mx\\\/inicio\\\/infraestructura\\\/#breadcrumb\"},\"inLanguage\":\"es\",\"potentialAction\":[{\"@type\":\"ReadAction\",\"target\":[\"https:\\\/\\\/softtown.mx\\\/inicio\\\/infraestructura\\\/\"]}]},{\"@type\":\"BreadcrumbList\",\"@id\":\"https:\\\/\\\/softtown.mx\\\/inicio\\\/infraestructura\\\/#breadcrumb\",\"itemListElement\":[{\"@type\":\"ListItem\",\"position\":1,\"name\":\"Home\",\"item\":\"https:\\\/\\\/softtown.mx\\\/inicio\\\/\"},{\"@type\":\"ListItem\",\"position\":2,\"name\":\"Infraestructura\"}]},{\"@type\":\"WebSite\",\"@id\":\"https:\\\/\\\/softtown.mx\\\/inicio\\\/#website\",\"url\":\"https:\\\/\\\/softtown.mx\\\/inicio\\\/\",\"name\":\"Soft Town Inicio\",\"description\":\"Consultor\u00eda y Soluciones Empresariales\",\"publisher\":{\"@id\":\"https:\\\/\\\/softtown.mx\\\/inicio\\\/#organization\"},\"potentialAction\":[{\"@type\":\"SearchAction\",\"target\":{\"@type\":\"EntryPoint\",\"urlTemplate\":\"https:\\\/\\\/softtown.mx\\\/inicio\\\/?s={search_term_string}\"},\"query-input\":{\"@type\":\"PropertyValueSpecification\",\"valueRequired\":true,\"valueName\":\"search_term_string\"}}],\"inLanguage\":\"es\"},{\"@type\":\"Organization\",\"@id\":\"https:\\\/\\\/softtown.mx\\\/inicio\\\/#organization\",\"name\":\"Soft Town\",\"url\":\"https:\\\/\\\/softtown.mx\\\/inicio\\\/\",\"logo\":{\"@type\":\"ImageObject\",\"inLanguage\":\"es\",\"@id\":\"https:\\\/\\\/softtown.mx\\\/inicio\\\/#\\\/schema\\\/logo\\\/image\\\/\",\"url\":\"https:\\\/\\\/softtown.mx\\\/inicio\\\/wp-content\\\/uploads\\\/2023\\\/05\\\/softtown-logo-final-fondo-blanco-FACTURA.png\",\"contentUrl\":\"https:\\\/\\\/softtown.mx\\\/inicio\\\/wp-content\\\/uploads\\\/2023\\\/05\\\/softtown-logo-final-fondo-blanco-FACTURA.png\",\"width\":3301,\"height\":1160,\"caption\":\"Soft Town\"},\"image\":{\"@id\":\"https:\\\/\\\/softtown.mx\\\/inicio\\\/#\\\/schema\\\/logo\\\/image\\\/\"},\"sameAs\":[\"https:\\\/\\\/www.facebook.com\\\/SoftTown\",\"https:\\\/\\\/x.com\\\/softtownmexico\",\"https:\\\/\\\/www.linkedin.com\\\/company\\\/softtownmexico\\\/\"]}]}<\/script>\n<!-- \/ Yoast SEO Premium plugin. -->","yoast_head_json":{"title":"Infraestructura - servicios administrados y soporte t\u00e9cnico","description":"Infraestructura - P\u00f3liza de servicios de mejora continua y resoluci\u00f3n de incidentes, el cliente obtendr\u00e1 la continuidad de la operaci\u00f3n","robots":{"index":"index","follow":"follow","max-snippet":"max-snippet:-1","max-image-preview":"max-image-preview:large","max-video-preview":"max-video-preview:-1"},"canonical":"https:\/\/softtown.mx\/inicio\/infraestructura\/","og_locale":"es_MX","og_type":"article","og_title":"Infraestructura","og_description":"Infraestructura - P\u00f3liza de servicios de mejora continua y resoluci\u00f3n de incidentes, el cliente obtendr\u00e1 la continuidad de la operaci\u00f3n","og_url":"https:\/\/softtown.mx\/inicio\/infraestructura\/","og_site_name":"Soft Town","article_publisher":"https:\/\/www.facebook.com\/SoftTown","article_modified_time":"2021-12-13T17:21:04+00:00","twitter_card":"summary_large_image","twitter_site":"@softtownmexico","twitter_misc":{"Tiempo de lectura":"3 minutos"},"schema":{"@context":"https:\/\/schema.org","@graph":[{"@type":"WebPage","@id":"https:\/\/softtown.mx\/inicio\/infraestructura\/","url":"https:\/\/softtown.mx\/inicio\/infraestructura\/","name":"Infraestructura - servicios administrados y soporte t\u00e9cnico","isPartOf":{"@id":"https:\/\/softtown.mx\/inicio\/#website"},"datePublished":"2020-12-04T22:49:09+00:00","dateModified":"2021-12-13T17:21:04+00:00","description":"Infraestructura - P\u00f3liza de servicios de mejora continua y resoluci\u00f3n de incidentes, el cliente obtendr\u00e1 la continuidad de la operaci\u00f3n","breadcrumb":{"@id":"https:\/\/softtown.mx\/inicio\/infraestructura\/#breadcrumb"},"inLanguage":"es","potentialAction":[{"@type":"ReadAction","target":["https:\/\/softtown.mx\/inicio\/infraestructura\/"]}]},{"@type":"BreadcrumbList","@id":"https:\/\/softtown.mx\/inicio\/infraestructura\/#breadcrumb","itemListElement":[{"@type":"ListItem","position":1,"name":"Home","item":"https:\/\/softtown.mx\/inicio\/"},{"@type":"ListItem","position":2,"name":"Infraestructura"}]},{"@type":"WebSite","@id":"https:\/\/softtown.mx\/inicio\/#website","url":"https:\/\/softtown.mx\/inicio\/","name":"Soft Town Inicio","description":"Consultor\u00eda y Soluciones Empresariales","publisher":{"@id":"https:\/\/softtown.mx\/inicio\/#organization"},"potentialAction":[{"@type":"SearchAction","target":{"@type":"EntryPoint","urlTemplate":"https:\/\/softtown.mx\/inicio\/?s={search_term_string}"},"query-input":{"@type":"PropertyValueSpecification","valueRequired":true,"valueName":"search_term_string"}}],"inLanguage":"es"},{"@type":"Organization","@id":"https:\/\/softtown.mx\/inicio\/#organization","name":"Soft Town","url":"https:\/\/softtown.mx\/inicio\/","logo":{"@type":"ImageObject","inLanguage":"es","@id":"https:\/\/softtown.mx\/inicio\/#\/schema\/logo\/image\/","url":"https:\/\/softtown.mx\/inicio\/wp-content\/uploads\/2023\/05\/softtown-logo-final-fondo-blanco-FACTURA.png","contentUrl":"https:\/\/softtown.mx\/inicio\/wp-content\/uploads\/2023\/05\/softtown-logo-final-fondo-blanco-FACTURA.png","width":3301,"height":1160,"caption":"Soft Town"},"image":{"@id":"https:\/\/softtown.mx\/inicio\/#\/schema\/logo\/image\/"},"sameAs":["https:\/\/www.facebook.com\/SoftTown","https:\/\/x.com\/softtownmexico","https:\/\/www.linkedin.com\/company\/softtownmexico\/"]}]}},"_links":{"self":[{"href":"https:\/\/softtown.mx\/inicio\/wp-json\/wp\/v2\/pages\/884","targetHints":{"allow":["GET"]}}],"collection":[{"href":"https:\/\/softtown.mx\/inicio\/wp-json\/wp\/v2\/pages"}],"about":[{"href":"https:\/\/softtown.mx\/inicio\/wp-json\/wp\/v2\/types\/page"}],"author":[{"embeddable":true,"href":"https:\/\/softtown.mx\/inicio\/wp-json\/wp\/v2\/users\/1"}],"replies":[{"embeddable":true,"href":"https:\/\/softtown.mx\/inicio\/wp-json\/wp\/v2\/comments?post=884"}],"version-history":[{"count":2,"href":"https:\/\/softtown.mx\/inicio\/wp-json\/wp\/v2\/pages\/884\/revisions"}],"predecessor-version":[{"id":3672,"href":"https:\/\/softtown.mx\/inicio\/wp-json\/wp\/v2\/pages\/884\/revisions\/3672"}],"wp:attachment":[{"href":"https:\/\/softtown.mx\/inicio\/wp-json\/wp\/v2\/media?parent=884"}],"curies":[{"name":"wp","href":"https:\/\/api.w.org\/{rel}","templated":true}]}}