{"id":3844,"date":"2024-06-15T02:59:18","date_gmt":"2024-06-15T08:59:18","guid":{"rendered":"https:\/\/softtown.mx\/inicio\/?page_id=3844"},"modified":"2024-06-17T01:27:20","modified_gmt":"2024-06-17T07:27:20","slug":"campana-de-phishing-y-herramienta-darkweb-id","status":"publish","type":"page","link":"https:\/\/softtown.mx\/inicio\/campana-de-phishing-y-herramienta-darkweb-id\/","title":{"rendered":"Campa\u00f1a de Phishing y Herramienta Darkweb ID"},"content":{"rendered":"<p>[et_pb_section fb_built=&#8221;1&#8243; _builder_version=&#8221;4.25.2&#8243; _module_preset=&#8221;default&#8221; global_colors_info=&#8221;{}&#8221;][et_pb_row column_structure=&#8221;1_2,1_2&#8243; _builder_version=&#8221;4.25.2&#8243; _module_preset=&#8221;default&#8221; global_colors_info=&#8221;{}&#8221;][et_pb_column type=&#8221;1_2&#8243; _builder_version=&#8221;4.25.2&#8243; _module_preset=&#8221;default&#8221; global_colors_info=&#8221;{}&#8221;][et_pb_image src=&#8221;https:\/\/softtown.mx\/inicio\/wp-content\/uploads\/2024\/06\/Phishing02.jpg&#8221; alt=&#8221;Phishing&#8221; title_text=&#8221;Phishing&#8221; align=&#8221;center&#8221; _builder_version=&#8221;4.25.2&#8243; _module_preset=&#8221;default&#8221; global_colors_info=&#8221;{}&#8221;][\/et_pb_image][\/et_pb_column][et_pb_column type=&#8221;1_2&#8243; _builder_version=&#8221;4.25.2&#8243; _module_preset=&#8221;default&#8221; global_colors_info=&#8221;{}&#8221;][et_pb_text _builder_version=&#8221;4.25.2&#8243; _module_preset=&#8221;default&#8221; text_font_size=&#8221;13px&#8221; global_colors_info=&#8221;{}&#8221;]<\/p>\n<h3><strong>Protege tu Empresa contra Phishing con nuestra Campa\u00f1a<\/strong><\/h3>\n<p><span style=\"font-size: medium;\">En el mundo digital actual, las amenazas de phishing est\u00e1n en constante aumento, poniendo en riesgo la seguridad de tu empresa. Nuestra campa\u00f1a de phishing est\u00e1 dise\u00f1ada para evaluar y fortalecer la resistencia de tu personal frente a estos ataques. Al simular correos electr\u00f3nicos maliciosos, identificamos vulnerabilidades y educamos a tu equipo en pr\u00e1cticas seguras para evitar caer en estas trampas.<\/span><\/p>\n<p>&nbsp;<\/p>\n<h4><strong>Beneficios de nuestra Campa\u00f1a de Phishing:<\/strong><\/h4>\n<ul>\n<li><span style=\"font-size: medium;\"><strong>Emulaci\u00f3n de correos electr\u00f3nicos maliciosos igual al de un Hacker:<\/strong> Trabajar con el lider de TI de la empresa para crear el prototipo del correo electr\u00f3nico.<\/span><\/li>\n<li><span style=\"font-size: medium;\"><strong>Evaluaci\u00f3n de Vulnerabilidades:<\/strong> Identificamos c\u00f3mo responde tu personal a intentos de phishing.<\/span><\/li>\n<li><span style=\"font-size: medium;\"><strong>Educaci\u00f3n Continua:<\/strong> Proveemos capacitaci\u00f3n para mejorar la detecci\u00f3n y manejo de correos maliciosos.<\/span><\/li>\n<li><span style=\"font-size: medium;\"><strong>Informe Detallado:<\/strong> Recibes un informe completo con an\u00e1lisis de resultados.<\/span><\/li>\n<\/ul>\n<p>[\/et_pb_text][\/et_pb_column][\/et_pb_row][et_pb_row column_structure=&#8221;1_2,1_2&#8243; _builder_version=&#8221;4.25.2&#8243; _module_preset=&#8221;default&#8221; global_colors_info=&#8221;{}&#8221;][et_pb_column type=&#8221;1_2&#8243; _builder_version=&#8221;4.25.2&#8243; _module_preset=&#8221;default&#8221; global_colors_info=&#8221;{}&#8221;][et_pb_text _builder_version=&#8221;4.25.2&#8243; _module_preset=&#8221;default&#8221; global_colors_info=&#8221;{}&#8221;]<\/p>\n<h3><strong>Monitorizaci\u00f3n y Protecci\u00f3n con Darkweb ID<\/strong><\/h3>\n<p><span style=\"font-size: medium;\">Darkweb ID es una herramienta avanzada que monitorea la web oscura en busca de datos comprometidos relacionados con tu empresa. Esta vigilancia proactiva te alerta sobre posibles amenazas antes de que se conviertan en incidentes de seguridad, permiti\u00e9ndote tomar acciones preventivas para proteger tu informaci\u00f3n.<\/span><\/p>\n<p>&nbsp;<\/p>\n<h4><strong>Caracter\u00edsticas de Darkweb ID:<\/strong><\/h4>\n<ul>\n<li><span style=\"font-size: medium;\"><strong>Monitoreo Continuo:<\/strong> Vigila la web oscura 24\/7 para detectar datos filtrados.<\/span><\/li>\n<li><span style=\"font-size: medium;\"><strong>Alertas Tempranas:<\/strong> Recibe notificaciones inmediatas sobre cualquier hallazgo comprometedor.<\/span><\/li>\n<li><span style=\"font-size: medium;\"><strong>Informes de Seguridad:<\/strong> Obt\u00e9n reportes detallados que te ayudan a tomar decisiones informadas sobre la seguridad de tu empresa.<\/span><\/li>\n<\/ul>\n<p>[\/et_pb_text][\/et_pb_column][et_pb_column type=&#8221;1_2&#8243; _builder_version=&#8221;4.25.2&#8243; _module_preset=&#8221;default&#8221; global_colors_info=&#8221;{}&#8221;][et_pb_image src=&#8221;https:\/\/softtown.mx\/inicio\/wp-content\/uploads\/2024\/06\/DarkwebID-300&#215;63.png&#8221; alt=&#8221;DarkwebID&#8221; title_text=&#8221;DarkwebID&#8221; align=&#8221;center&#8221; _builder_version=&#8221;4.25.2&#8243; _module_preset=&#8221;default&#8221; global_colors_info=&#8221;{}&#8221;][\/et_pb_image][\/et_pb_column][\/et_pb_row][et_pb_row _builder_version=&#8221;4.25.2&#8243; _module_preset=&#8221;default&#8221; global_colors_info=&#8221;{}&#8221;][et_pb_column type=&#8221;4_4&#8243; _builder_version=&#8221;4.25.2&#8243; _module_preset=&#8221;default&#8221; global_colors_info=&#8221;{}&#8221;][et_pb_text _builder_version=&#8221;4.25.2&#8243; _module_preset=&#8221;default&#8221; hover_enabled=&#8221;0&#8243; global_colors_info=&#8221;{}&#8221; sticky_enabled=&#8221;0&#8243;]<\/p>\n<h3><strong>Cont\u00e1ctanos<\/strong><\/h3>\n<p>Protege tu negocio de amenazas cibern\u00e9ticas hoy mismo. Con nuestra campa\u00f1a de phishing y la herramienta Darkweb ID, estar\u00e1s un paso adelante en la defensa contra el fraude y el robo de datos.<\/p>\n<p><strong>Email:<\/strong> <a rel=\"noreferrer\" href=\"mailto:contacto@softtown.com.mx\">contacto@softtown.com.mx<\/a><br \/><strong>Tel\u00e9fono:<\/strong> +52 55 4997 3032<\/p>\n<p>&nbsp;<\/p>\n<p>[\/et_pb_text][\/et_pb_column][\/et_pb_row][\/et_pb_section]<\/p>\n","protected":false},"excerpt":{"rendered":"<p>Protege tu Empresa contra Phishing con nuestra Campa\u00f1a En el mundo digital actual, las amenazas de phishing est\u00e1n en constante aumento, poniendo en riesgo la seguridad de tu empresa. Nuestra campa\u00f1a de phishing est\u00e1 dise\u00f1ada para evaluar y fortalecer la resistencia de tu personal frente a estos ataques. Al simular correos electr\u00f3nicos maliciosos, identificamos vulnerabilidades [&hellip;]<\/p>\n","protected":false},"author":1,"featured_media":0,"parent":0,"menu_order":0,"comment_status":"closed","ping_status":"closed","template":"","meta":{"_et_pb_use_builder":"on","_et_pb_old_content":"","_et_gb_content_width":"","_monsterinsights_skip_tracking":false,"_monsterinsights_sitenote_active":false,"_monsterinsights_sitenote_note":"","_monsterinsights_sitenote_category":0,"footnotes":""},"class_list":["post-3844","page","type-page","status-publish","hentry"],"yoast_head":"<!-- This site is optimized with the Yoast SEO Premium plugin v23.6 (Yoast SEO v27.5) - https:\/\/yoast.com\/product\/yoast-seo-premium-wordpress\/ -->\n<title>Campa\u00f1a de Phishing y Herramienta Darkweb ID - Soft Town<\/title>\n<meta name=\"description\" content=\"Campa\u00f1a de Phishing y Herramienta Darkweb ID - Soft Town\" \/>\n<meta name=\"robots\" content=\"index, follow, max-snippet:-1, max-image-preview:large, max-video-preview:-1\" \/>\n<link rel=\"canonical\" href=\"https:\/\/softtown.mx\/inicio\/campana-de-phishing-y-herramienta-darkweb-id\/\" \/>\n<meta property=\"og:locale\" content=\"es_MX\" \/>\n<meta property=\"og:type\" content=\"article\" \/>\n<meta property=\"og:title\" content=\"Campa\u00f1a de Phishing y Herramienta Darkweb ID\" \/>\n<meta property=\"og:description\" content=\"Campa\u00f1a de Phishing y Herramienta Darkweb ID - Soft Town\" \/>\n<meta property=\"og:url\" content=\"https:\/\/softtown.mx\/inicio\/campana-de-phishing-y-herramienta-darkweb-id\/\" \/>\n<meta property=\"og:site_name\" content=\"Soft Town\" \/>\n<meta property=\"article:publisher\" content=\"https:\/\/www.facebook.com\/SoftTown\" \/>\n<meta property=\"article:modified_time\" content=\"2024-06-17T07:27:20+00:00\" \/>\n<meta name=\"twitter:card\" content=\"summary_large_image\" \/>\n<meta name=\"twitter:site\" content=\"@softtownmexico\" \/>\n<script type=\"application\/ld+json\" class=\"yoast-schema-graph\">{\"@context\":\"https:\\\/\\\/schema.org\",\"@graph\":[{\"@type\":\"WebPage\",\"@id\":\"https:\\\/\\\/softtown.mx\\\/inicio\\\/campana-de-phishing-y-herramienta-darkweb-id\\\/\",\"url\":\"https:\\\/\\\/softtown.mx\\\/inicio\\\/campana-de-phishing-y-herramienta-darkweb-id\\\/\",\"name\":\"Campa\u00f1a de Phishing y Herramienta Darkweb ID - Soft Town\",\"isPartOf\":{\"@id\":\"https:\\\/\\\/softtown.mx\\\/inicio\\\/#website\"},\"datePublished\":\"2024-06-15T08:59:18+00:00\",\"dateModified\":\"2024-06-17T07:27:20+00:00\",\"description\":\"Campa\u00f1a de Phishing y Herramienta Darkweb ID - Soft Town\",\"breadcrumb\":{\"@id\":\"https:\\\/\\\/softtown.mx\\\/inicio\\\/campana-de-phishing-y-herramienta-darkweb-id\\\/#breadcrumb\"},\"inLanguage\":\"es\",\"potentialAction\":[{\"@type\":\"ReadAction\",\"target\":[\"https:\\\/\\\/softtown.mx\\\/inicio\\\/campana-de-phishing-y-herramienta-darkweb-id\\\/\"]}]},{\"@type\":\"BreadcrumbList\",\"@id\":\"https:\\\/\\\/softtown.mx\\\/inicio\\\/campana-de-phishing-y-herramienta-darkweb-id\\\/#breadcrumb\",\"itemListElement\":[{\"@type\":\"ListItem\",\"position\":1,\"name\":\"Home\",\"item\":\"https:\\\/\\\/softtown.mx\\\/inicio\\\/\"},{\"@type\":\"ListItem\",\"position\":2,\"name\":\"Campa\u00f1a de Phishing y Herramienta Darkweb ID\"}]},{\"@type\":\"WebSite\",\"@id\":\"https:\\\/\\\/softtown.mx\\\/inicio\\\/#website\",\"url\":\"https:\\\/\\\/softtown.mx\\\/inicio\\\/\",\"name\":\"Soft Town Inicio\",\"description\":\"Consultor\u00eda y Soluciones Empresariales\",\"publisher\":{\"@id\":\"https:\\\/\\\/softtown.mx\\\/inicio\\\/#organization\"},\"potentialAction\":[{\"@type\":\"SearchAction\",\"target\":{\"@type\":\"EntryPoint\",\"urlTemplate\":\"https:\\\/\\\/softtown.mx\\\/inicio\\\/?s={search_term_string}\"},\"query-input\":{\"@type\":\"PropertyValueSpecification\",\"valueRequired\":true,\"valueName\":\"search_term_string\"}}],\"inLanguage\":\"es\"},{\"@type\":\"Organization\",\"@id\":\"https:\\\/\\\/softtown.mx\\\/inicio\\\/#organization\",\"name\":\"Soft Town\",\"url\":\"https:\\\/\\\/softtown.mx\\\/inicio\\\/\",\"logo\":{\"@type\":\"ImageObject\",\"inLanguage\":\"es\",\"@id\":\"https:\\\/\\\/softtown.mx\\\/inicio\\\/#\\\/schema\\\/logo\\\/image\\\/\",\"url\":\"https:\\\/\\\/softtown.mx\\\/inicio\\\/wp-content\\\/uploads\\\/2023\\\/05\\\/softtown-logo-final-fondo-blanco-FACTURA.png\",\"contentUrl\":\"https:\\\/\\\/softtown.mx\\\/inicio\\\/wp-content\\\/uploads\\\/2023\\\/05\\\/softtown-logo-final-fondo-blanco-FACTURA.png\",\"width\":3301,\"height\":1160,\"caption\":\"Soft Town\"},\"image\":{\"@id\":\"https:\\\/\\\/softtown.mx\\\/inicio\\\/#\\\/schema\\\/logo\\\/image\\\/\"},\"sameAs\":[\"https:\\\/\\\/www.facebook.com\\\/SoftTown\",\"https:\\\/\\\/x.com\\\/softtownmexico\",\"https:\\\/\\\/www.linkedin.com\\\/company\\\/softtownmexico\\\/\"]}]}<\/script>\n<!-- \/ Yoast SEO Premium plugin. -->","yoast_head_json":{"title":"Campa\u00f1a de Phishing y Herramienta Darkweb ID - Soft Town","description":"Campa\u00f1a de Phishing y Herramienta Darkweb ID - Soft Town","robots":{"index":"index","follow":"follow","max-snippet":"max-snippet:-1","max-image-preview":"max-image-preview:large","max-video-preview":"max-video-preview:-1"},"canonical":"https:\/\/softtown.mx\/inicio\/campana-de-phishing-y-herramienta-darkweb-id\/","og_locale":"es_MX","og_type":"article","og_title":"Campa\u00f1a de Phishing y Herramienta Darkweb ID","og_description":"Campa\u00f1a de Phishing y Herramienta Darkweb ID - Soft Town","og_url":"https:\/\/softtown.mx\/inicio\/campana-de-phishing-y-herramienta-darkweb-id\/","og_site_name":"Soft Town","article_publisher":"https:\/\/www.facebook.com\/SoftTown","article_modified_time":"2024-06-17T07:27:20+00:00","twitter_card":"summary_large_image","twitter_site":"@softtownmexico","schema":{"@context":"https:\/\/schema.org","@graph":[{"@type":"WebPage","@id":"https:\/\/softtown.mx\/inicio\/campana-de-phishing-y-herramienta-darkweb-id\/","url":"https:\/\/softtown.mx\/inicio\/campana-de-phishing-y-herramienta-darkweb-id\/","name":"Campa\u00f1a de Phishing y Herramienta Darkweb ID - Soft Town","isPartOf":{"@id":"https:\/\/softtown.mx\/inicio\/#website"},"datePublished":"2024-06-15T08:59:18+00:00","dateModified":"2024-06-17T07:27:20+00:00","description":"Campa\u00f1a de Phishing y Herramienta Darkweb ID - Soft Town","breadcrumb":{"@id":"https:\/\/softtown.mx\/inicio\/campana-de-phishing-y-herramienta-darkweb-id\/#breadcrumb"},"inLanguage":"es","potentialAction":[{"@type":"ReadAction","target":["https:\/\/softtown.mx\/inicio\/campana-de-phishing-y-herramienta-darkweb-id\/"]}]},{"@type":"BreadcrumbList","@id":"https:\/\/softtown.mx\/inicio\/campana-de-phishing-y-herramienta-darkweb-id\/#breadcrumb","itemListElement":[{"@type":"ListItem","position":1,"name":"Home","item":"https:\/\/softtown.mx\/inicio\/"},{"@type":"ListItem","position":2,"name":"Campa\u00f1a de Phishing y Herramienta Darkweb ID"}]},{"@type":"WebSite","@id":"https:\/\/softtown.mx\/inicio\/#website","url":"https:\/\/softtown.mx\/inicio\/","name":"Soft Town Inicio","description":"Consultor\u00eda y Soluciones Empresariales","publisher":{"@id":"https:\/\/softtown.mx\/inicio\/#organization"},"potentialAction":[{"@type":"SearchAction","target":{"@type":"EntryPoint","urlTemplate":"https:\/\/softtown.mx\/inicio\/?s={search_term_string}"},"query-input":{"@type":"PropertyValueSpecification","valueRequired":true,"valueName":"search_term_string"}}],"inLanguage":"es"},{"@type":"Organization","@id":"https:\/\/softtown.mx\/inicio\/#organization","name":"Soft Town","url":"https:\/\/softtown.mx\/inicio\/","logo":{"@type":"ImageObject","inLanguage":"es","@id":"https:\/\/softtown.mx\/inicio\/#\/schema\/logo\/image\/","url":"https:\/\/softtown.mx\/inicio\/wp-content\/uploads\/2023\/05\/softtown-logo-final-fondo-blanco-FACTURA.png","contentUrl":"https:\/\/softtown.mx\/inicio\/wp-content\/uploads\/2023\/05\/softtown-logo-final-fondo-blanco-FACTURA.png","width":3301,"height":1160,"caption":"Soft Town"},"image":{"@id":"https:\/\/softtown.mx\/inicio\/#\/schema\/logo\/image\/"},"sameAs":["https:\/\/www.facebook.com\/SoftTown","https:\/\/x.com\/softtownmexico","https:\/\/www.linkedin.com\/company\/softtownmexico\/"]}]}},"_links":{"self":[{"href":"https:\/\/softtown.mx\/inicio\/wp-json\/wp\/v2\/pages\/3844","targetHints":{"allow":["GET"]}}],"collection":[{"href":"https:\/\/softtown.mx\/inicio\/wp-json\/wp\/v2\/pages"}],"about":[{"href":"https:\/\/softtown.mx\/inicio\/wp-json\/wp\/v2\/types\/page"}],"author":[{"embeddable":true,"href":"https:\/\/softtown.mx\/inicio\/wp-json\/wp\/v2\/users\/1"}],"replies":[{"embeddable":true,"href":"https:\/\/softtown.mx\/inicio\/wp-json\/wp\/v2\/comments?post=3844"}],"version-history":[{"count":4,"href":"https:\/\/softtown.mx\/inicio\/wp-json\/wp\/v2\/pages\/3844\/revisions"}],"predecessor-version":[{"id":3889,"href":"https:\/\/softtown.mx\/inicio\/wp-json\/wp\/v2\/pages\/3844\/revisions\/3889"}],"wp:attachment":[{"href":"https:\/\/softtown.mx\/inicio\/wp-json\/wp\/v2\/media?parent=3844"}],"curies":[{"name":"wp","href":"https:\/\/api.w.org\/{rel}","templated":true}]}}