{"id":3682,"date":"2022-01-07T22:55:41","date_gmt":"2022-01-07T22:55:41","guid":{"rendered":"https:\/\/softtown.mx\/inicio\/?page_id=3682"},"modified":"2023-01-25T17:35:29","modified_gmt":"2023-01-25T23:35:29","slug":"historia-de-exito-corponet-soft-town","status":"publish","type":"page","link":"https:\/\/softtown.mx\/inicio\/historia-de-exito-corponet-soft-town\/","title":{"rendered":"Corponet"},"content":{"rendered":"<p>[et_pb_section fb_built=&#8221;1&#8243; _builder_version=&#8221;4.16&#8243; custom_padding=&#8221;4px||3px|||&#8221; global_colors_info=&#8221;{}&#8221;][et_pb_row use_custom_gutter=&#8221;on&#8221; gutter_width=&#8221;4&#8243; _builder_version=&#8221;4.16&#8243; custom_padding=&#8221;5px|||||&#8221; global_colors_info=&#8221;{}&#8221;][et_pb_column type=&#8221;4_4&#8243; _builder_version=&#8221;4.16&#8243; global_colors_info=&#8221;{}&#8221;][et_pb_image src=&#8221;https:\/\/softtown.mx\/inicio\/wp-content\/uploads\/2022\/01\/LOGO-CORPONET-.png&#8221; alt=&#8221;Corponet&#8221; title_text=&#8221;Corponet&#8221; align=&#8221;center&#8221; _builder_version=&#8221;4.16&#8243; width=&#8221;39%&#8221; custom_margin=&#8221;||-21px|||&#8221; custom_padding=&#8221;||14px|||&#8221; global_colors_info=&#8221;{}&#8221;][\/et_pb_image][et_pb_testimonial author=&#8221;Nayeli G\u00f3mez&#8221; job_title=&#8221;Gerente de Operaciones&#8221; company_name=&#8221;https:\/\/www.corponet.com&#8221; url=&#8221;https:\/\/www.corponet.com&#8221; quote_icon_color=&#8221;#000000&#8243; _builder_version=&#8221;4.19.4&#8243; company_font=&#8221;|700|||||||&#8221; background_color=&#8221;#ffffff&#8221; custom_margin=&#8221;10px|||||&#8221; custom_padding=&#8221;29px||9px|||&#8221; link_option_url=&#8221;https:\/\/www.corponet.com\/&#8221; link_option_url_new_window=&#8221;on&#8221; hover_enabled=&#8221;0&#8243; global_colors_info=&#8221;{}&#8221; url_new_window=&#8221;on&#8221; sticky_enabled=&#8221;0&#8243;]<\/p>\n<p style=\"text-align: justify;\"><span style=\"color: #000000;\"><strong>SOBRE CORPONET<\/strong><\/span><\/p>\n<p style=\"text-align: justify;\"><strong>Corponet ha implementado SAP Business One en m\u00e1s de 300 empresas en crecimiento, actualmente es un Partner de SAP con m\u00e1s casos de \u00e9xito en M\u00e9xico<\/strong> <strong>y es considerado como un experto en la implementaci\u00f3n de SAP Business One<\/strong> al contar con la certificaci\u00f3n <strong>SAP\u00ae Recognized Expertise<\/strong>, la cual ha permitido trabajar exitosamente con sus socios de negocios para ayudarles a potencializar el uso del ERP y generar valor en su empresa.<\/p>\n<p style=\"text-align: justify;\"><span style=\"color: #000000;\"><strong>\u00a0<\/strong><strong>SOBRE SOFT TOWN<\/strong><\/span><\/p>\n<p style=\"text-align: justify;\">Soft Town es una empresa especializada en Soluciones de Bases de Datos y dedicada a brindar valor a sus clientes a trav\u00e9s de un portafolio integral de servicios de consultor\u00eda y capacitaci\u00f3n. La sinergia entre <strong>Corponet y Soft Town<\/strong> tiene como finalidad el aplicar <strong>Mejores Pr\u00e1cticas de SQL Server para SAP Business One.<\/strong><\/p>\n<p style=\"text-align: justify;\"><strong><\/strong><\/p>\n<p style=\"text-align: justify;\"><span style=\"color: #000000;\"><strong>HISTORIA DE \u00c9XITO<\/strong><\/span><\/p>\n<p style=\"text-align: justify;\">En Corponet implementamos SAP Business One apeg\u00e1ndonos cabalmente en las <strong>Mejores pr\u00e1cticas de SAP, <\/strong>sin embargo el ERP almacena su informaci\u00f3n en la Base de Datos Microsoft SQL Server el cual tambi\u00e9n cuenta con sus propias <strong>Mejores pr\u00e1cticas<\/strong> y ah\u00ed es donde <strong>Soft Town<\/strong> nos ha sumado valor al brindar <strong>diagn\u00f3stico, mantenimiento, afinaci\u00f3n a los servidores Microsoft SQL Server para SAP Business One de nuestros clientes<\/strong>, <strong>para mejorar los tiempos de respuesta a usuarios finales, prevenir p\u00e9rdida de informaci\u00f3n y a estar preparados ante contingencias no planeadas como falla de un disco duro, ca\u00edda parcial o total del servidor.<\/strong><\/p>\n<p style=\"text-align: justify;\">En la actualidad nuestros clientes dedican su tiempo a operar SAP Business One y atender las necesidades del negocio, sin la necesidad de estar preocupados por la operaci\u00f3n de las bases de datos.<\/p>\n<p>[\/et_pb_testimonial][\/et_pb_column][\/et_pb_row][\/et_pb_section]<\/p>\n","protected":false},"excerpt":{"rendered":"<p>SOBRE CORPONET Corponet ha implementado SAP Business One en m\u00e1s de 300 empresas en crecimiento, actualmente es un Partner de SAP con m\u00e1s casos de \u00e9xito en M\u00e9xico y es considerado como un experto en la implementaci\u00f3n de SAP Business One al contar con la certificaci\u00f3n SAP\u00ae Recognized Expertise, la cual ha permitido trabajar exitosamente [&hellip;]<\/p>\n","protected":false},"author":1,"featured_media":0,"parent":0,"menu_order":0,"comment_status":"closed","ping_status":"closed","template":"","meta":{"_et_pb_use_builder":"on","_et_pb_old_content":"<!-- wp:divi\/placeholder \/-->","_et_gb_content_width":"","_monsterinsights_skip_tracking":false,"_monsterinsights_sitenote_active":false,"_monsterinsights_sitenote_note":"","_monsterinsights_sitenote_category":0,"footnotes":""},"class_list":["post-3682","page","type-page","status-publish","hentry"],"yoast_head":"<!-- This site is optimized with the Yoast SEO Premium plugin v23.6 (Yoast SEO v27.5) - https:\/\/yoast.com\/product\/yoast-seo-premium-wordpress\/ -->\n<title>Histor\u00eda de \u00e9xito Corponet - Soft Town - SQL Server- SAP Business One<\/title>\n<meta name=\"description\" content=\"Histor\u00eda de \u00e9xito Corponet - Soft Town - Administraci\u00f3n de almacenamiento, rutinas de mantenimiento automatizadas, diagn\u00f3stico de rendimiento\" \/>\n<meta name=\"robots\" content=\"index, follow, max-snippet:-1, max-image-preview:large, max-video-preview:-1\" \/>\n<link rel=\"canonical\" href=\"https:\/\/softtown.mx\/inicio\/historia-de-exito-corponet-soft-town\/\" \/>\n<meta property=\"og:locale\" content=\"es_MX\" \/>\n<meta property=\"og:type\" content=\"article\" \/>\n<meta property=\"og:title\" content=\"Corponet\" \/>\n<meta property=\"og:description\" content=\"Histor\u00eda de \u00e9xito Corponet - Soft Town - Administraci\u00f3n de almacenamiento, rutinas de mantenimiento automatizadas, diagn\u00f3stico de rendimiento\" \/>\n<meta property=\"og:url\" content=\"https:\/\/softtown.mx\/inicio\/historia-de-exito-corponet-soft-town\/\" \/>\n<meta property=\"og:site_name\" content=\"Soft Town\" \/>\n<meta property=\"article:publisher\" content=\"https:\/\/www.facebook.com\/SoftTown\" \/>\n<meta property=\"article:modified_time\" content=\"2023-01-25T23:35:29+00:00\" \/>\n<meta name=\"twitter:card\" content=\"summary_large_image\" \/>\n<meta name=\"twitter:site\" content=\"@softtownmexico\" \/>\n<meta name=\"twitter:label1\" content=\"Tiempo de lectura\" \/>\n\t<meta name=\"twitter:data1\" content=\"2 minutos\" \/>\n<script type=\"application\/ld+json\" class=\"yoast-schema-graph\">{\"@context\":\"https:\\\/\\\/schema.org\",\"@graph\":[{\"@type\":\"WebPage\",\"@id\":\"https:\\\/\\\/softtown.mx\\\/inicio\\\/historia-de-exito-corponet-soft-town\\\/\",\"url\":\"https:\\\/\\\/softtown.mx\\\/inicio\\\/historia-de-exito-corponet-soft-town\\\/\",\"name\":\"Histor\u00eda de \u00e9xito Corponet - Soft Town - SQL Server- SAP Business One\",\"isPartOf\":{\"@id\":\"https:\\\/\\\/softtown.mx\\\/inicio\\\/#website\"},\"datePublished\":\"2022-01-07T22:55:41+00:00\",\"dateModified\":\"2023-01-25T23:35:29+00:00\",\"description\":\"Histor\u00eda de \u00e9xito Corponet - Soft Town - Administraci\u00f3n de almacenamiento, rutinas de mantenimiento automatizadas, diagn\u00f3stico de rendimiento\",\"breadcrumb\":{\"@id\":\"https:\\\/\\\/softtown.mx\\\/inicio\\\/historia-de-exito-corponet-soft-town\\\/#breadcrumb\"},\"inLanguage\":\"es\",\"potentialAction\":[{\"@type\":\"ReadAction\",\"target\":[\"https:\\\/\\\/softtown.mx\\\/inicio\\\/historia-de-exito-corponet-soft-town\\\/\"]}]},{\"@type\":\"BreadcrumbList\",\"@id\":\"https:\\\/\\\/softtown.mx\\\/inicio\\\/historia-de-exito-corponet-soft-town\\\/#breadcrumb\",\"itemListElement\":[{\"@type\":\"ListItem\",\"position\":1,\"name\":\"Home\",\"item\":\"https:\\\/\\\/softtown.mx\\\/inicio\\\/\"},{\"@type\":\"ListItem\",\"position\":2,\"name\":\"Corponet\"}]},{\"@type\":\"WebSite\",\"@id\":\"https:\\\/\\\/softtown.mx\\\/inicio\\\/#website\",\"url\":\"https:\\\/\\\/softtown.mx\\\/inicio\\\/\",\"name\":\"Soft Town Inicio\",\"description\":\"Consultor\u00eda y Soluciones Empresariales\",\"publisher\":{\"@id\":\"https:\\\/\\\/softtown.mx\\\/inicio\\\/#organization\"},\"potentialAction\":[{\"@type\":\"SearchAction\",\"target\":{\"@type\":\"EntryPoint\",\"urlTemplate\":\"https:\\\/\\\/softtown.mx\\\/inicio\\\/?s={search_term_string}\"},\"query-input\":{\"@type\":\"PropertyValueSpecification\",\"valueRequired\":true,\"valueName\":\"search_term_string\"}}],\"inLanguage\":\"es\"},{\"@type\":\"Organization\",\"@id\":\"https:\\\/\\\/softtown.mx\\\/inicio\\\/#organization\",\"name\":\"Soft Town\",\"url\":\"https:\\\/\\\/softtown.mx\\\/inicio\\\/\",\"logo\":{\"@type\":\"ImageObject\",\"inLanguage\":\"es\",\"@id\":\"https:\\\/\\\/softtown.mx\\\/inicio\\\/#\\\/schema\\\/logo\\\/image\\\/\",\"url\":\"https:\\\/\\\/softtown.mx\\\/inicio\\\/wp-content\\\/uploads\\\/2023\\\/05\\\/softtown-logo-final-fondo-blanco-FACTURA.png\",\"contentUrl\":\"https:\\\/\\\/softtown.mx\\\/inicio\\\/wp-content\\\/uploads\\\/2023\\\/05\\\/softtown-logo-final-fondo-blanco-FACTURA.png\",\"width\":3301,\"height\":1160,\"caption\":\"Soft Town\"},\"image\":{\"@id\":\"https:\\\/\\\/softtown.mx\\\/inicio\\\/#\\\/schema\\\/logo\\\/image\\\/\"},\"sameAs\":[\"https:\\\/\\\/www.facebook.com\\\/SoftTown\",\"https:\\\/\\\/x.com\\\/softtownmexico\",\"https:\\\/\\\/www.linkedin.com\\\/company\\\/softtownmexico\\\/\"]}]}<\/script>\n<!-- \/ Yoast SEO Premium plugin. -->","yoast_head_json":{"title":"Histor\u00eda de \u00e9xito Corponet - Soft Town - SQL Server- SAP Business One","description":"Histor\u00eda de \u00e9xito Corponet - Soft Town - Administraci\u00f3n de almacenamiento, rutinas de mantenimiento automatizadas, diagn\u00f3stico de rendimiento","robots":{"index":"index","follow":"follow","max-snippet":"max-snippet:-1","max-image-preview":"max-image-preview:large","max-video-preview":"max-video-preview:-1"},"canonical":"https:\/\/softtown.mx\/inicio\/historia-de-exito-corponet-soft-town\/","og_locale":"es_MX","og_type":"article","og_title":"Corponet","og_description":"Histor\u00eda de \u00e9xito Corponet - Soft Town - Administraci\u00f3n de almacenamiento, rutinas de mantenimiento automatizadas, diagn\u00f3stico de rendimiento","og_url":"https:\/\/softtown.mx\/inicio\/historia-de-exito-corponet-soft-town\/","og_site_name":"Soft Town","article_publisher":"https:\/\/www.facebook.com\/SoftTown","article_modified_time":"2023-01-25T23:35:29+00:00","twitter_card":"summary_large_image","twitter_site":"@softtownmexico","twitter_misc":{"Tiempo de lectura":"2 minutos"},"schema":{"@context":"https:\/\/schema.org","@graph":[{"@type":"WebPage","@id":"https:\/\/softtown.mx\/inicio\/historia-de-exito-corponet-soft-town\/","url":"https:\/\/softtown.mx\/inicio\/historia-de-exito-corponet-soft-town\/","name":"Histor\u00eda de \u00e9xito Corponet - Soft Town - SQL Server- SAP Business One","isPartOf":{"@id":"https:\/\/softtown.mx\/inicio\/#website"},"datePublished":"2022-01-07T22:55:41+00:00","dateModified":"2023-01-25T23:35:29+00:00","description":"Histor\u00eda de \u00e9xito Corponet - Soft Town - Administraci\u00f3n de almacenamiento, rutinas de mantenimiento automatizadas, diagn\u00f3stico de rendimiento","breadcrumb":{"@id":"https:\/\/softtown.mx\/inicio\/historia-de-exito-corponet-soft-town\/#breadcrumb"},"inLanguage":"es","potentialAction":[{"@type":"ReadAction","target":["https:\/\/softtown.mx\/inicio\/historia-de-exito-corponet-soft-town\/"]}]},{"@type":"BreadcrumbList","@id":"https:\/\/softtown.mx\/inicio\/historia-de-exito-corponet-soft-town\/#breadcrumb","itemListElement":[{"@type":"ListItem","position":1,"name":"Home","item":"https:\/\/softtown.mx\/inicio\/"},{"@type":"ListItem","position":2,"name":"Corponet"}]},{"@type":"WebSite","@id":"https:\/\/softtown.mx\/inicio\/#website","url":"https:\/\/softtown.mx\/inicio\/","name":"Soft Town Inicio","description":"Consultor\u00eda y Soluciones Empresariales","publisher":{"@id":"https:\/\/softtown.mx\/inicio\/#organization"},"potentialAction":[{"@type":"SearchAction","target":{"@type":"EntryPoint","urlTemplate":"https:\/\/softtown.mx\/inicio\/?s={search_term_string}"},"query-input":{"@type":"PropertyValueSpecification","valueRequired":true,"valueName":"search_term_string"}}],"inLanguage":"es"},{"@type":"Organization","@id":"https:\/\/softtown.mx\/inicio\/#organization","name":"Soft Town","url":"https:\/\/softtown.mx\/inicio\/","logo":{"@type":"ImageObject","inLanguage":"es","@id":"https:\/\/softtown.mx\/inicio\/#\/schema\/logo\/image\/","url":"https:\/\/softtown.mx\/inicio\/wp-content\/uploads\/2023\/05\/softtown-logo-final-fondo-blanco-FACTURA.png","contentUrl":"https:\/\/softtown.mx\/inicio\/wp-content\/uploads\/2023\/05\/softtown-logo-final-fondo-blanco-FACTURA.png","width":3301,"height":1160,"caption":"Soft Town"},"image":{"@id":"https:\/\/softtown.mx\/inicio\/#\/schema\/logo\/image\/"},"sameAs":["https:\/\/www.facebook.com\/SoftTown","https:\/\/x.com\/softtownmexico","https:\/\/www.linkedin.com\/company\/softtownmexico\/"]}]}},"_links":{"self":[{"href":"https:\/\/softtown.mx\/inicio\/wp-json\/wp\/v2\/pages\/3682","targetHints":{"allow":["GET"]}}],"collection":[{"href":"https:\/\/softtown.mx\/inicio\/wp-json\/wp\/v2\/pages"}],"about":[{"href":"https:\/\/softtown.mx\/inicio\/wp-json\/wp\/v2\/types\/page"}],"author":[{"embeddable":true,"href":"https:\/\/softtown.mx\/inicio\/wp-json\/wp\/v2\/users\/1"}],"replies":[{"embeddable":true,"href":"https:\/\/softtown.mx\/inicio\/wp-json\/wp\/v2\/comments?post=3682"}],"version-history":[{"count":5,"href":"https:\/\/softtown.mx\/inicio\/wp-json\/wp\/v2\/pages\/3682\/revisions"}],"predecessor-version":[{"id":3753,"href":"https:\/\/softtown.mx\/inicio\/wp-json\/wp\/v2\/pages\/3682\/revisions\/3753"}],"wp:attachment":[{"href":"https:\/\/softtown.mx\/inicio\/wp-json\/wp\/v2\/media?parent=3682"}],"curies":[{"name":"wp","href":"https:\/\/api.w.org\/{rel}","templated":true}]}}