{"id":3434,"date":"2021-01-22T23:20:41","date_gmt":"2021-01-22T23:20:41","guid":{"rendered":"https:\/\/softtown.mx\/inicio\/?page_id=3434"},"modified":"2021-12-13T16:11:33","modified_gmt":"2021-12-13T16:11:33","slug":"historia-de-exito","status":"publish","type":"page","link":"https:\/\/softtown.mx\/inicio\/historia-de-exito\/","title":{"rendered":"SQL Server\/SAP Business One"},"content":{"rendered":"<p>[et_pb_section fb_built=&#8221;1&#8243; _builder_version=&#8221;4.4.8&#8243; custom_padding=&#8221;5px||6px|||&#8221;][et_pb_row _builder_version=&#8221;4.4.8&#8243; custom_margin=&#8221;|auto|39px|auto||&#8221; custom_padding=&#8221;||5px|||&#8221; hover_enabled=&#8221;0&#8243; disabled_on=&#8221;off|off|off&#8221;][et_pb_column type=&#8221;4_4&#8243; _builder_version=&#8221;4.4.8&#8243;][et_pb_text _builder_version=&#8221;4.4.8&#8243; hover_enabled=&#8221;0&#8243;]<\/p>\n<h1 style=\"text-align: center;\"><strong><span style=\"color: #808080;\">Historias de \u00e9xito SQL Server\/SAP Business One<\/span><\/strong><\/h1>\n<p>[\/et_pb_text][\/et_pb_column][\/et_pb_row][\/et_pb_section][et_pb_section fb_built=&#8221;1&#8243; _builder_version=&#8221;4.4.8&#8243; custom_padding=&#8221;4px||3px|||&#8221;][et_pb_row use_custom_gutter=&#8221;on&#8221; gutter_width=&#8221;4&#8243; disabled_on=&#8221;off|off|off&#8221; _builder_version=&#8221;4.4.8&#8243; custom_padding=&#8221;5px|||||&#8221;][et_pb_column type=&#8221;4_4&#8243; _builder_version=&#8221;4.4.8&#8243;][et_pb_image src=&#8221;https:\/\/softtown.mx\/inicio\/wp-content\/uploads\/2021\/01\/GKN-Automotive.png&#8221; alt=&#8221;GKN Automotive&#8221; title_text=&#8221;GKN Automotive&#8221; align=&#8221;center&#8221; _builder_version=&#8221;4.4.8&#8243; custom_margin=&#8221;||-21px|||&#8221; custom_padding=&#8221;||14px|||&#8221;][\/et_pb_image][et_pb_testimonial author=&#8221;Jos\u00e9 Rafael Contreras Aguilar&#8221; job_title=&#8221;DataBase and applications administrator&#8221; company_name=&#8221;GKN Automotive&#8221; quote_icon_color=&#8221;#000000&#8243; _builder_version=&#8221;4.4.8&#8243; background_color=&#8221;#ffffff&#8221; custom_margin=&#8221;10px|||||&#8221; custom_padding=&#8221;27px|||||&#8221;]<\/p>\n<p style=\"text-align: justify;\"><span style=\"color: #000000;\">El mayor proveedor mundial de tecnolog\u00edas de Flechas de velocidad constante (FVC) para la industria automotriz. Su ingenier\u00eda pone la innovaci\u00f3n de la FVC en la producci\u00f3n en serie, la experiencia en integraci\u00f3n de sistemas y capacidades de calibraci\u00f3n de software los convierten en un socio fuerte y confiable para la electrificaci\u00f3n, los programas de tracci\u00f3n total y los nuevos conceptos de veh\u00edculos.<\/span><\/p>\n<p><strong>Beneficios del Proyecto de Migraci\u00f3n a Microsoft SQL Server 2016<\/strong><\/p>\n<p><strong>Con el apoyo de Soft Town aplicamos las mejores pr\u00e1cticas en:<\/strong><\/p>\n<ul>\n<li><span style=\"color: #000000;\">Consolidaci\u00f3n de Bases de Datos en base a su carga de trabajo.<\/span><\/li>\n<li><span style=\"color: #000000;\">Distribuci\u00f3n de Bases de Datos en nuevo esquema de discos para mejor rendimiento.<\/span><\/li>\n<li><span style=\"color: #000000;\">Creaci\u00f3n de \u00edndices de b\u00fasqueda para agilizar reportes y consultas.<\/span><\/li>\n<li><span style=\"color: #000000;\">Implementaci\u00f3n de rutinas de mantenimiento automatizadas al servidor SQL Server.<\/span><\/li>\n<li><span style=\"color: #000000;\">Mitigaci\u00f3n de bloqueos en base de datos.<\/span><\/li>\n<li><span style=\"color: #000000;\">Implementaci\u00f3n de respaldos automatizados, FULL y DIFERENCIAL.<\/span><\/li>\n<li><span style=\"color: #000000;\">Monitoreo proactivo, diagn\u00f3stico y alertamiento de SQL Server y Windows Server con el software Quest Spotlight Xpert Edition.<\/span><\/li>\n<li><span style=\"color: #000000;\">Ahorro en licenciamiento Microsoft SQL Server 2016.<\/span><\/li>\n<\/ul>\n<p>[\/et_pb_testimonial][et_pb_divider _builder_version=&#8221;4.4.8&#8243; custom_margin=&#8221;||2px|||&#8221;][\/et_pb_divider][et_pb_image src=&#8221;https:\/\/softtown.mx\/inicio\/wp-content\/uploads\/2021\/01\/Multielectrico.png&#8221; alt=&#8221;Multielectrico&#8221; title_text=&#8221;Multielectrico&#8221; align=&#8221;center&#8221; _builder_version=&#8221;4.4.8&#8243; custom_margin=&#8221;||-2px|||&#8221;][\/et_pb_image][et_pb_testimonial author=&#8221;Lic. Eduardo Salm\u00e1n Orozco&#8221; job_title=&#8221;Director General&#8221; company_name=&#8221;Multielectrico&#8221; quote_icon_color=&#8221;#000000&#8243; _builder_version=&#8221;4.4.8&#8243; background_color=&#8221;#ffffff&#8221; custom_padding=&#8221;34px|||||&#8221;]<\/p>\n<p style=\"text-align: justify;\"><span style=\"color: #000000;\">Empresa mexicana que comercializa material el\u00e9ctrico e iluminaci\u00f3n, plomer\u00eda, ferreter\u00eda y servicios especializados en la industria petroqu\u00edmica, telecomunicaciones, entre otras.<\/span><\/p>\n<p style=\"text-align: justify;\"><span style=\"color: #000000;\">Cuentan con la exclusividad en marcas, productos y dise\u00f1os como son: Philips, Schneider, Milwaukee, Truper y Panduit, Viakon, Generac por mencionar algunas.<\/span><\/p>\n<p><strong>\u00a0Beneficios del Proyecto Mantenimiento a Microsoft SQL Server for SAP Business One<\/strong><\/p>\n<p><strong>\u00a0Con el apoyo de Soft Town logramos aplicar mejores pr\u00e1cticas en:<\/strong><\/p>\n<ul>\n<li><span style=\"color: #000000;\">Configuraci\u00f3n del servidor SQL Server for SAP Business One para mejor uso de los Multicore.<\/span><\/li>\n<li><span style=\"color: #000000;\">Implementaci\u00f3n de respaldos automatizados combinando FULL y DIFERENCIAL.<\/span><\/li>\n<li><span style=\"color: #000000;\">Disminuci\u00f3n de bloqueos en SQL Server for SAP Business One.<\/span><\/li>\n<li><span style=\"color: #000000;\">Distribuci\u00f3n de nuestras Bases de Datos en nuevo esquema de discos para mejor rendimiento.<\/span><\/li>\n<li><span style=\"color: #000000;\">Creaci\u00f3n de \u00edndices de b\u00fasqueda para mejor respuesta en los reportes\/consultas de SAP Business One.<\/span><\/li>\n<li><span style=\"color: #000000;\">Implementaci\u00f3n de rutinas de mantenimiento automatizadas al servidor SQL Server for SAP Business One.<\/span><\/li>\n<\/ul>\n<p>[\/et_pb_testimonial][\/et_pb_column][\/et_pb_row][\/et_pb_section]<\/p>\n","protected":false},"excerpt":{"rendered":"<p>Historias de \u00e9xito SQL Server\/SAP Business OneEl mayor proveedor mundial de tecnolog\u00edas de Flechas de velocidad constante (FVC) para la industria automotriz. Su ingenier\u00eda pone la innovaci\u00f3n de la FVC en la producci\u00f3n en serie, la experiencia en integraci\u00f3n de sistemas y capacidades de calibraci\u00f3n de software los convierten en un socio fuerte y confiable [&hellip;]<\/p>\n","protected":false},"author":1,"featured_media":0,"parent":0,"menu_order":0,"comment_status":"closed","ping_status":"closed","template":"","meta":{"_et_pb_use_builder":"on","_et_pb_old_content":"<!-- wp:divi\/placeholder \/-->","_et_gb_content_width":"","_monsterinsights_skip_tracking":false,"_monsterinsights_sitenote_active":false,"_monsterinsights_sitenote_note":"","_monsterinsights_sitenote_category":0,"footnotes":""},"class_list":["post-3434","page","type-page","status-publish","hentry"],"yoast_head":"<!-- This site is optimized with the Yoast SEO Premium plugin v23.6 (Yoast SEO v27.5) - https:\/\/yoast.com\/product\/yoast-seo-premium-wordpress\/ -->\n<title>Historias de \u00e9xito SQL Server\/SAP Business One -<\/title>\n<meta name=\"description\" content=\"Historias de \u00e9xito de Microsoft SQL Server para SAP Business One - Aplicaci\u00f3n y puesta apunto de mejores practicas de Microsoft SQL Server\" \/>\n<meta name=\"robots\" content=\"index, follow, max-snippet:-1, max-image-preview:large, max-video-preview:-1\" \/>\n<link rel=\"canonical\" href=\"https:\/\/softtown.mx\/inicio\/historia-de-exito\/\" \/>\n<meta property=\"og:locale\" content=\"es_MX\" \/>\n<meta property=\"og:type\" content=\"article\" \/>\n<meta property=\"og:title\" content=\"SQL Server\/SAP Business One\" \/>\n<meta property=\"og:description\" content=\"Historias de \u00e9xito de Microsoft SQL Server para SAP Business One - Aplicaci\u00f3n y puesta apunto de mejores practicas de Microsoft SQL Server\" \/>\n<meta property=\"og:url\" content=\"https:\/\/softtown.mx\/inicio\/historia-de-exito\/\" \/>\n<meta property=\"og:site_name\" content=\"Soft Town\" \/>\n<meta property=\"article:publisher\" content=\"https:\/\/www.facebook.com\/SoftTown\" \/>\n<meta property=\"article:modified_time\" content=\"2021-12-13T16:11:33+00:00\" \/>\n<meta name=\"twitter:card\" content=\"summary_large_image\" \/>\n<meta name=\"twitter:site\" content=\"@softtownmexico\" \/>\n<meta name=\"twitter:label1\" content=\"Tiempo de lectura\" \/>\n\t<meta name=\"twitter:data1\" content=\"2 minutos\" \/>\n<script type=\"application\/ld+json\" class=\"yoast-schema-graph\">{\"@context\":\"https:\\\/\\\/schema.org\",\"@graph\":[{\"@type\":\"WebPage\",\"@id\":\"https:\\\/\\\/softtown.mx\\\/inicio\\\/historia-de-exito\\\/\",\"url\":\"https:\\\/\\\/softtown.mx\\\/inicio\\\/historia-de-exito\\\/\",\"name\":\"Historias de \u00e9xito SQL Server\\\/SAP Business One -\",\"isPartOf\":{\"@id\":\"https:\\\/\\\/softtown.mx\\\/inicio\\\/#website\"},\"datePublished\":\"2021-01-22T23:20:41+00:00\",\"dateModified\":\"2021-12-13T16:11:33+00:00\",\"description\":\"Historias de \u00e9xito de Microsoft SQL Server para SAP Business One - Aplicaci\u00f3n y puesta apunto de mejores practicas de Microsoft SQL Server\",\"breadcrumb\":{\"@id\":\"https:\\\/\\\/softtown.mx\\\/inicio\\\/historia-de-exito\\\/#breadcrumb\"},\"inLanguage\":\"es\",\"potentialAction\":[{\"@type\":\"ReadAction\",\"target\":[\"https:\\\/\\\/softtown.mx\\\/inicio\\\/historia-de-exito\\\/\"]}]},{\"@type\":\"BreadcrumbList\",\"@id\":\"https:\\\/\\\/softtown.mx\\\/inicio\\\/historia-de-exito\\\/#breadcrumb\",\"itemListElement\":[{\"@type\":\"ListItem\",\"position\":1,\"name\":\"Home\",\"item\":\"https:\\\/\\\/softtown.mx\\\/inicio\\\/\"},{\"@type\":\"ListItem\",\"position\":2,\"name\":\"SQL Server\\\/SAP Business One\"}]},{\"@type\":\"WebSite\",\"@id\":\"https:\\\/\\\/softtown.mx\\\/inicio\\\/#website\",\"url\":\"https:\\\/\\\/softtown.mx\\\/inicio\\\/\",\"name\":\"Soft Town Inicio\",\"description\":\"Consultor\u00eda y Soluciones Empresariales\",\"publisher\":{\"@id\":\"https:\\\/\\\/softtown.mx\\\/inicio\\\/#organization\"},\"potentialAction\":[{\"@type\":\"SearchAction\",\"target\":{\"@type\":\"EntryPoint\",\"urlTemplate\":\"https:\\\/\\\/softtown.mx\\\/inicio\\\/?s={search_term_string}\"},\"query-input\":{\"@type\":\"PropertyValueSpecification\",\"valueRequired\":true,\"valueName\":\"search_term_string\"}}],\"inLanguage\":\"es\"},{\"@type\":\"Organization\",\"@id\":\"https:\\\/\\\/softtown.mx\\\/inicio\\\/#organization\",\"name\":\"Soft Town\",\"url\":\"https:\\\/\\\/softtown.mx\\\/inicio\\\/\",\"logo\":{\"@type\":\"ImageObject\",\"inLanguage\":\"es\",\"@id\":\"https:\\\/\\\/softtown.mx\\\/inicio\\\/#\\\/schema\\\/logo\\\/image\\\/\",\"url\":\"https:\\\/\\\/softtown.mx\\\/inicio\\\/wp-content\\\/uploads\\\/2023\\\/05\\\/softtown-logo-final-fondo-blanco-FACTURA.png\",\"contentUrl\":\"https:\\\/\\\/softtown.mx\\\/inicio\\\/wp-content\\\/uploads\\\/2023\\\/05\\\/softtown-logo-final-fondo-blanco-FACTURA.png\",\"width\":3301,\"height\":1160,\"caption\":\"Soft Town\"},\"image\":{\"@id\":\"https:\\\/\\\/softtown.mx\\\/inicio\\\/#\\\/schema\\\/logo\\\/image\\\/\"},\"sameAs\":[\"https:\\\/\\\/www.facebook.com\\\/SoftTown\",\"https:\\\/\\\/x.com\\\/softtownmexico\",\"https:\\\/\\\/www.linkedin.com\\\/company\\\/softtownmexico\\\/\"]}]}<\/script>\n<!-- \/ Yoast SEO Premium plugin. -->","yoast_head_json":{"title":"Historias de \u00e9xito SQL Server\/SAP Business One -","description":"Historias de \u00e9xito de Microsoft SQL Server para SAP Business One - Aplicaci\u00f3n y puesta apunto de mejores practicas de Microsoft SQL Server","robots":{"index":"index","follow":"follow","max-snippet":"max-snippet:-1","max-image-preview":"max-image-preview:large","max-video-preview":"max-video-preview:-1"},"canonical":"https:\/\/softtown.mx\/inicio\/historia-de-exito\/","og_locale":"es_MX","og_type":"article","og_title":"SQL Server\/SAP Business One","og_description":"Historias de \u00e9xito de Microsoft SQL Server para SAP Business One - Aplicaci\u00f3n y puesta apunto de mejores practicas de Microsoft SQL Server","og_url":"https:\/\/softtown.mx\/inicio\/historia-de-exito\/","og_site_name":"Soft Town","article_publisher":"https:\/\/www.facebook.com\/SoftTown","article_modified_time":"2021-12-13T16:11:33+00:00","twitter_card":"summary_large_image","twitter_site":"@softtownmexico","twitter_misc":{"Tiempo de lectura":"2 minutos"},"schema":{"@context":"https:\/\/schema.org","@graph":[{"@type":"WebPage","@id":"https:\/\/softtown.mx\/inicio\/historia-de-exito\/","url":"https:\/\/softtown.mx\/inicio\/historia-de-exito\/","name":"Historias de \u00e9xito SQL Server\/SAP Business One -","isPartOf":{"@id":"https:\/\/softtown.mx\/inicio\/#website"},"datePublished":"2021-01-22T23:20:41+00:00","dateModified":"2021-12-13T16:11:33+00:00","description":"Historias de \u00e9xito de Microsoft SQL Server para SAP Business One - Aplicaci\u00f3n y puesta apunto de mejores practicas de Microsoft SQL Server","breadcrumb":{"@id":"https:\/\/softtown.mx\/inicio\/historia-de-exito\/#breadcrumb"},"inLanguage":"es","potentialAction":[{"@type":"ReadAction","target":["https:\/\/softtown.mx\/inicio\/historia-de-exito\/"]}]},{"@type":"BreadcrumbList","@id":"https:\/\/softtown.mx\/inicio\/historia-de-exito\/#breadcrumb","itemListElement":[{"@type":"ListItem","position":1,"name":"Home","item":"https:\/\/softtown.mx\/inicio\/"},{"@type":"ListItem","position":2,"name":"SQL Server\/SAP Business One"}]},{"@type":"WebSite","@id":"https:\/\/softtown.mx\/inicio\/#website","url":"https:\/\/softtown.mx\/inicio\/","name":"Soft Town Inicio","description":"Consultor\u00eda y Soluciones Empresariales","publisher":{"@id":"https:\/\/softtown.mx\/inicio\/#organization"},"potentialAction":[{"@type":"SearchAction","target":{"@type":"EntryPoint","urlTemplate":"https:\/\/softtown.mx\/inicio\/?s={search_term_string}"},"query-input":{"@type":"PropertyValueSpecification","valueRequired":true,"valueName":"search_term_string"}}],"inLanguage":"es"},{"@type":"Organization","@id":"https:\/\/softtown.mx\/inicio\/#organization","name":"Soft Town","url":"https:\/\/softtown.mx\/inicio\/","logo":{"@type":"ImageObject","inLanguage":"es","@id":"https:\/\/softtown.mx\/inicio\/#\/schema\/logo\/image\/","url":"https:\/\/softtown.mx\/inicio\/wp-content\/uploads\/2023\/05\/softtown-logo-final-fondo-blanco-FACTURA.png","contentUrl":"https:\/\/softtown.mx\/inicio\/wp-content\/uploads\/2023\/05\/softtown-logo-final-fondo-blanco-FACTURA.png","width":3301,"height":1160,"caption":"Soft Town"},"image":{"@id":"https:\/\/softtown.mx\/inicio\/#\/schema\/logo\/image\/"},"sameAs":["https:\/\/www.facebook.com\/SoftTown","https:\/\/x.com\/softtownmexico","https:\/\/www.linkedin.com\/company\/softtownmexico\/"]}]}},"_links":{"self":[{"href":"https:\/\/softtown.mx\/inicio\/wp-json\/wp\/v2\/pages\/3434","targetHints":{"allow":["GET"]}}],"collection":[{"href":"https:\/\/softtown.mx\/inicio\/wp-json\/wp\/v2\/pages"}],"about":[{"href":"https:\/\/softtown.mx\/inicio\/wp-json\/wp\/v2\/types\/page"}],"author":[{"embeddable":true,"href":"https:\/\/softtown.mx\/inicio\/wp-json\/wp\/v2\/users\/1"}],"replies":[{"embeddable":true,"href":"https:\/\/softtown.mx\/inicio\/wp-json\/wp\/v2\/comments?post=3434"}],"version-history":[{"count":2,"href":"https:\/\/softtown.mx\/inicio\/wp-json\/wp\/v2\/pages\/3434\/revisions"}],"predecessor-version":[{"id":3653,"href":"https:\/\/softtown.mx\/inicio\/wp-json\/wp\/v2\/pages\/3434\/revisions\/3653"}],"wp:attachment":[{"href":"https:\/\/softtown.mx\/inicio\/wp-json\/wp\/v2\/media?parent=3434"}],"curies":[{"name":"wp","href":"https:\/\/api.w.org\/{rel}","templated":true}]}}